{"id":109,"date":"2019-03-12T20:27:01","date_gmt":"2019-03-12T23:27:01","guid":{"rendered":"https:\/\/umblogqualquer.com.br\/?page_id=109"},"modified":"2024-10-31T23:26:54","modified_gmt":"2024-11-01T02:26:54","slug":"parcerias-ubq-criadores","status":"publish","type":"page","link":"https:\/\/umblogqualquer.com.br\/index.php\/parcerias-ubq-criadores\/","title":{"rendered":"Parcerias UBQ (Criadores)"},"content":{"rendered":"\t\t<div data-elementor-type=\"wp-page\" data-elementor-id=\"109\" class=\"elementor elementor-109\">\n\t\t\t\t\t\t<section class=\"elementor-section elementor-top-section elementor-element elementor-element-65d4635 elementor-section-boxed elementor-section-height-default elementor-section-height-default\" data-id=\"65d4635\" data-element_type=\"section\" data-e-type=\"section\">\n\t\t\t\t\t\t<div class=\"elementor-container elementor-column-gap-default\">\n\t\t\t\t\t<div class=\"elementor-column elementor-col-33 elementor-top-column elementor-element elementor-element-078906f\" data-id=\"078906f\" data-element_type=\"column\" data-e-type=\"column\">\n\t\t\t<div class=\"elementor-widget-wrap\">\n\t\t\t\t\t\t\t<\/div>\n\t\t<\/div>\n\t\t\t\t<div class=\"elementor-column elementor-col-33 elementor-top-column elementor-element elementor-element-d03815c\" data-id=\"d03815c\" data-element_type=\"column\" data-e-type=\"column\">\n\t\t\t<div class=\"elementor-widget-wrap\">\n\t\t\t\t\t\t\t<\/div>\n\t\t<\/div>\n\t\t\t\t<div class=\"elementor-column elementor-col-33 elementor-top-column elementor-element elementor-element-8281413\" data-id=\"8281413\" data-element_type=\"column\" data-e-type=\"column\">\n\t\t\t<div class=\"elementor-widget-wrap\">\n\t\t\t\t\t\t\t<\/div>\n\t\t<\/div>\n\t\t\t\t\t<\/div>\n\t\t<\/section>\n\t\t\t\t<section class=\"elementor-section elementor-top-section elementor-element elementor-element-1b503f65 elementor-section-boxed elementor-section-height-default elementor-section-height-default\" data-id=\"1b503f65\" data-element_type=\"section\" data-e-type=\"section\">\n\t\t\t\t\t\t<div class=\"elementor-container elementor-column-gap-default\">\n\t\t\t\t\t<div class=\"elementor-column elementor-col-100 elementor-top-column elementor-element elementor-element-58bb477c\" data-id=\"58bb477c\" data-element_type=\"column\" data-e-type=\"column\">\n\t\t\t<div class=\"elementor-widget-wrap elementor-element-populated\">\n\t\t\t\t\t\t<div class=\"elementor-element elementor-element-4c9db16 elementor-widget elementor-widget-image\" data-id=\"4c9db16\" data-element_type=\"widget\" data-e-type=\"widget\" data-widget_type=\"image.default\">\n\t\t\t\t<div class=\"elementor-widget-container\">\n\t\t\t\t\t\t\t\t\t\t\t\t\t\t\t<img fetchpriority=\"high\" decoding=\"async\" width=\"843\" height=\"281\" src=\"https:\/\/umblogqualquer.com.br\/wp-content\/uploads\/2024\/10\/institucional-capa_pagina-parcerias.png\" class=\"attachment-large size-large wp-image-8237\" alt=\"\" srcset=\"https:\/\/umblogqualquer.com.br\/wp-content\/uploads\/2024\/10\/institucional-capa_pagina-parcerias.png 960w, https:\/\/umblogqualquer.com.br\/wp-content\/uploads\/2024\/10\/institucional-capa_pagina-parcerias-300x100.png 300w, https:\/\/umblogqualquer.com.br\/wp-content\/uploads\/2024\/10\/institucional-capa_pagina-parcerias-768x256.png 768w\" sizes=\"(max-width: 843px) 100vw, 843px\" \/>\t\t\t\t\t\t\t\t\t\t\t\t\t\t\t<\/div>\n\t\t\t\t<\/div>\n\t\t\t\t<div class=\"elementor-element elementor-element-75d7e99 elementor-widget elementor-widget-text-editor\" data-id=\"75d7e99\" data-element_type=\"widget\" data-e-type=\"widget\" data-widget_type=\"text-editor.default\">\n\t\t\t\t<div class=\"elementor-widget-container\">\n\t\t\t\t\t\t\t\t\t<p>Ao longo de nossa hist\u00f3ria, conhecemos diversos criadores de conte\u00fado e tamb\u00e9m empresas que de alguma forma acreditaram no trabalho aqui desenvolvido. Com o tempo, algumas destas rela\u00e7\u00f5es se solidificaram e geraram benef\u00edcios m\u00fatuos. Aqui, voc\u00ea encontra uma rela\u00e7\u00e3o das parcerias do UBQ, n\u00e3o s\u00f3 com empresas, mas tamb\u00e9m com amigos criadores de conte\u00fado que permitiram ao UBQ criar um conte\u00fado diversificado.&nbsp;<span style=\"color: var( --e-global-color-text ); font-family: var( --e-global-typography-text-font-family ), Sans-serif; font-weight: var( --e-global-typography-text-font-weight );\">A todos eles, nosso muito obrigado!<\/span><\/p>\t\t\t\t\t\t\t\t<\/div>\n\t\t\t\t<\/div>\n\t\t\t\t<section class=\"elementor-section elementor-inner-section elementor-element elementor-element-9fe7992 elementor-section-boxed elementor-section-height-default elementor-section-height-default\" data-id=\"9fe7992\" data-element_type=\"section\" data-e-type=\"section\">\n\t\t\t\t\t\t<div class=\"elementor-container elementor-column-gap-default\">\n\t\t\t\t\t<div class=\"elementor-column elementor-col-50 elementor-inner-column elementor-element elementor-element-fc21ca2\" data-id=\"fc21ca2\" data-element_type=\"column\" data-e-type=\"column\">\n\t\t\t<div class=\"elementor-widget-wrap elementor-element-populated\">\n\t\t\t\t\t\t<div class=\"elementor-element elementor-element-f5631c9 elementor-widget elementor-widget-heading\" data-id=\"f5631c9\" data-element_type=\"widget\" data-e-type=\"widget\" data-widget_type=\"heading.default\">\n\t\t\t\t<div class=\"elementor-widget-container\">\n\t\t\t\t\t<h2 class=\"elementor-heading-title elementor-size-default\">Podcast 80 watts<\/h2>\t\t\t\t<\/div>\n\t\t\t\t<\/div>\n\t\t\t\t<div class=\"elementor-element elementor-element-e3deda2 elementor-widget elementor-widget-text-editor\" data-id=\"e3deda2\" data-element_type=\"widget\" data-e-type=\"widget\" data-widget_type=\"text-editor.default\">\n\t\t\t\t<div class=\"elementor-widget-container\">\n\t\t\t\t\t\t\t\t\t<p><span style=\"color: var( --e-global-color-text ); font-family: var( --e-global-typography-text-font-family ), Sans-serif; font-weight: var( --e-global-typography-text-font-weight );\">Criado pelo nosso amigo conhecido na Podosfera como &#8220;Shi&#8221;, o <a href=\"https:\/\/www.80watts.com.br\/br\/\">80 Watts<\/a> \u00e9 o podcast mais &#8220;oitentamente&#8221; correto que temos por a\u00ed. Com conte\u00fado tem\u00e1tico sobre os anos 80, ele produz epis\u00f3dios sobre m\u00fasicas da \u00e9poca, al\u00e9m da excelente s\u00e9rie &#8220;Cineclube 80&#8221;, sobre filmes ambientados e\/ou produzidos nos anos 80 e tamb\u00e9m do &#8220;Resumo do Som&#8221;, que conta a hist\u00f3ria de m\u00fasicas inesquec\u00edveis.<\/span><\/p>\n<p><span style=\"color: var( --e-global-color-text ); font-family: var( --e-global-typography-text-font-family ), Sans-serif; font-weight: var( --e-global-typography-text-font-weight );\">Nossa parceria trouxe conte\u00fados bem bacanas! Al\u00e9m da s\u00e9rie de podcasts sobre a s\u00e9rie Cobra Kai, fizemos um especial sobre o filme Karate Kid.<\/span><\/p>\t\t\t\t\t\t\t\t<\/div>\n\t\t\t\t<\/div>\n\t\t\t\t\t<\/div>\n\t\t<\/div>\n\t\t\t\t<div class=\"elementor-column elementor-col-50 elementor-inner-column elementor-element elementor-element-44f5050\" data-id=\"44f5050\" data-element_type=\"column\" data-e-type=\"column\">\n\t\t\t<div class=\"elementor-widget-wrap elementor-element-populated\">\n\t\t\t\t\t\t<div class=\"elementor-element elementor-element-439223f elementor-widget elementor-widget-image\" data-id=\"439223f\" data-element_type=\"widget\" data-e-type=\"widget\" data-widget_type=\"image.default\">\n\t\t\t\t<div class=\"elementor-widget-container\">\n\t\t\t\t\t\t\t\t\t\t\t\t\t\t\t<img decoding=\"async\" width=\"720\" height=\"720\" src=\"https:\/\/umblogqualquer.com.br\/wp-content\/uploads\/2024\/10\/parceiros-80-watts.png\" class=\"attachment-large size-large wp-image-8239\" alt=\"\" srcset=\"https:\/\/umblogqualquer.com.br\/wp-content\/uploads\/2024\/10\/parceiros-80-watts.png 720w, https:\/\/umblogqualquer.com.br\/wp-content\/uploads\/2024\/10\/parceiros-80-watts-300x300.png 300w, https:\/\/umblogqualquer.com.br\/wp-content\/uploads\/2024\/10\/parceiros-80-watts-150x150.png 150w\" sizes=\"(max-width: 720px) 100vw, 720px\" \/>\t\t\t\t\t\t\t\t\t\t\t\t\t\t\t<\/div>\n\t\t\t\t<\/div>\n\t\t\t\t\t<\/div>\n\t\t<\/div>\n\t\t\t\t\t<\/div>\n\t\t<\/section>\n\t\t\t\t<section class=\"elementor-section elementor-inner-section elementor-element elementor-element-a28fd40 elementor-section-boxed elementor-section-height-default elementor-section-height-default\" data-id=\"a28fd40\" data-element_type=\"section\" data-e-type=\"section\">\n\t\t\t\t\t\t<div class=\"elementor-container elementor-column-gap-default\">\n\t\t\t\t\t<div class=\"elementor-column elementor-col-50 elementor-inner-column elementor-element elementor-element-080ab76\" data-id=\"080ab76\" data-element_type=\"column\" data-e-type=\"column\">\n\t\t\t<div class=\"elementor-widget-wrap elementor-element-populated\">\n\t\t\t\t\t\t<div class=\"elementor-element elementor-element-da6a864 elementor-widget elementor-widget-image\" data-id=\"da6a864\" data-element_type=\"widget\" data-e-type=\"widget\" data-widget_type=\"image.default\">\n\t\t\t\t<div class=\"elementor-widget-container\">\n\t\t\t\t\t\t\t\t\t\t\t\t\t\t\t<img decoding=\"async\" width=\"720\" height=\"720\" src=\"https:\/\/umblogqualquer.com.br\/wp-content\/uploads\/2024\/10\/parceiros-papocanela.png\" class=\"attachment-large size-large wp-image-8240\" alt=\"\" srcset=\"https:\/\/umblogqualquer.com.br\/wp-content\/uploads\/2024\/10\/parceiros-papocanela.png 720w, https:\/\/umblogqualquer.com.br\/wp-content\/uploads\/2024\/10\/parceiros-papocanela-300x300.png 300w, https:\/\/umblogqualquer.com.br\/wp-content\/uploads\/2024\/10\/parceiros-papocanela-150x150.png 150w\" sizes=\"(max-width: 720px) 100vw, 720px\" \/>\t\t\t\t\t\t\t\t\t\t\t\t\t\t\t<\/div>\n\t\t\t\t<\/div>\n\t\t\t\t\t<\/div>\n\t\t<\/div>\n\t\t\t\t<div class=\"elementor-column elementor-col-50 elementor-inner-column elementor-element elementor-element-8868977\" data-id=\"8868977\" data-element_type=\"column\" data-e-type=\"column\">\n\t\t\t<div class=\"elementor-widget-wrap elementor-element-populated\">\n\t\t\t\t\t\t<div class=\"elementor-element elementor-element-456787d elementor-widget elementor-widget-heading\" data-id=\"456787d\" data-element_type=\"widget\" data-e-type=\"widget\" data-widget_type=\"heading.default\">\n\t\t\t\t<div class=\"elementor-widget-container\">\n\t\t\t\t\t<h2 class=\"elementor-heading-title elementor-size-default\">papo canela podcast<\/h2>\t\t\t\t<\/div>\n\t\t\t\t<\/div>\n\t\t\t\t<div class=\"elementor-element elementor-element-7570087 elementor-widget elementor-widget-text-editor\" data-id=\"7570087\" data-element_type=\"widget\" data-e-type=\"widget\" data-widget_type=\"text-editor.default\">\n\t\t\t\t<div class=\"elementor-widget-container\">\n\t\t\t\t\t\t\t\t\t<div style=\"grid-template-columns: 35% auto;\">\n<div>\n<p>Criado por Felipe Canela, o Papo Canela Podcast \u00e9 uma mistura de futebol, m\u00fasica e cultura pop. O que come\u00e7ou como um blog para bate-papo futebol\u00edstico se tornou uma refer\u00eancia na discuss\u00e3o dos principais campeonatos com o epis\u00f3dios &#8220;Rodada Brazuca&#8221;. O podcast faz parte da rede <a href=\"https:\/\/open.spotify.com\/show\/066JmrMkN8adELvqoomUJE?si=31a04d26a9d7462d\">Turno Livre de podcasts<\/a>.<\/p>\n<p>Nossa parceria deu origem a nossa s\u00e9rie &#8220;Hist\u00f3ria e Gl\u00f3ria da Copa do Mundo&#8221;, publicada simultaneamente no podcast Um Papo Qualquer e no podcast Papo Canela<\/p>\n<\/div>\n<\/div>\t\t\t\t\t\t\t\t<\/div>\n\t\t\t\t<\/div>\n\t\t\t\t\t<\/div>\n\t\t<\/div>\n\t\t\t\t\t<\/div>\n\t\t<\/section>\n\t\t\t\t<section class=\"elementor-section elementor-inner-section elementor-element elementor-element-fec0be3 elementor-section-boxed elementor-section-height-default elementor-section-height-default\" data-id=\"fec0be3\" data-element_type=\"section\" data-e-type=\"section\">\n\t\t\t\t\t\t<div class=\"elementor-container elementor-column-gap-default\">\n\t\t\t\t\t<div class=\"elementor-column elementor-col-50 elementor-inner-column elementor-element elementor-element-920c0c5\" data-id=\"920c0c5\" data-element_type=\"column\" data-e-type=\"column\">\n\t\t\t<div class=\"elementor-widget-wrap elementor-element-populated\">\n\t\t\t\t\t\t<div class=\"elementor-element elementor-element-52d4e9a elementor-widget elementor-widget-heading\" data-id=\"52d4e9a\" data-element_type=\"widget\" data-e-type=\"widget\" data-widget_type=\"heading.default\">\n\t\t\t\t<div class=\"elementor-widget-container\">\n\t\t\t\t\t<h2 class=\"elementor-heading-title elementor-size-default\">AUTORADIO podcast<\/h2>\t\t\t\t<\/div>\n\t\t\t\t<\/div>\n\t\t\t\t<div class=\"elementor-element elementor-element-7c223db elementor-widget elementor-widget-text-editor\" data-id=\"7c223db\" data-element_type=\"widget\" data-e-type=\"widget\" data-widget_type=\"text-editor.default\">\n\t\t\t\t<div class=\"elementor-widget-container\">\n\t\t\t\t\t\t\t\t\t<p>Criado por Fabio Carvalho (Fabioca) e Ricardo Bunnyman, o <a href=\"https:\/\/www.autoradiopodcast.com.br\/\">Autoradio Podcast<\/a> \u00e9 a sua trilha sonora para o automobilismo. Sempre com uma proposta divertida e irreverente, os meninos est\u00e3o antenados no mundo da velocidade e associam a isso uma bela sele\u00e7\u00e3o musical.<\/p>\n<p>Nossa parceria deu origem ao ic\u00f4nico epis\u00f3dio dos ve\u00edculos das s\u00e9ries dos anos 80.<\/p>\t\t\t\t\t\t\t\t<\/div>\n\t\t\t\t<\/div>\n\t\t\t\t\t<\/div>\n\t\t<\/div>\n\t\t\t\t<div class=\"elementor-column elementor-col-50 elementor-inner-column elementor-element elementor-element-f17bdc2\" data-id=\"f17bdc2\" data-element_type=\"column\" data-e-type=\"column\">\n\t\t\t<div class=\"elementor-widget-wrap elementor-element-populated\">\n\t\t\t\t\t\t<div class=\"elementor-element elementor-element-74024c3 elementor-widget elementor-widget-image\" data-id=\"74024c3\" data-element_type=\"widget\" data-e-type=\"widget\" data-widget_type=\"image.default\">\n\t\t\t\t<div class=\"elementor-widget-container\">\n\t\t\t\t\t\t\t\t\t\t\t\t\t\t\t<img loading=\"lazy\" decoding=\"async\" width=\"720\" height=\"720\" src=\"https:\/\/umblogqualquer.com.br\/wp-content\/uploads\/2024\/10\/parceiros-autoradio.png\" class=\"attachment-large size-large wp-image-8241\" alt=\"\" srcset=\"https:\/\/umblogqualquer.com.br\/wp-content\/uploads\/2024\/10\/parceiros-autoradio.png 720w, https:\/\/umblogqualquer.com.br\/wp-content\/uploads\/2024\/10\/parceiros-autoradio-300x300.png 300w, https:\/\/umblogqualquer.com.br\/wp-content\/uploads\/2024\/10\/parceiros-autoradio-150x150.png 150w\" sizes=\"(max-width: 720px) 100vw, 720px\" \/>\t\t\t\t\t\t\t\t\t\t\t\t\t\t\t<\/div>\n\t\t\t\t<\/div>\n\t\t\t\t\t<\/div>\n\t\t<\/div>\n\t\t\t\t\t<\/div>\n\t\t<\/section>\n\t\t\t\t\t<\/div>\n\t\t<\/div>\n\t\t\t\t\t<\/div>\n\t\t<\/section>\n\t\t\t\t<\/div>\n\t\t","protected":false},"excerpt":{"rendered":"<p>Ao longo de nossa hist\u00f3ria, conhecemos diversos criadores de conte\u00fado e tamb\u00e9m empresas que de alguma forma acreditaram no trabalho aqui desenvolvido. Com o tempo,&hellip;<\/p>\n","protected":false},"author":2,"featured_media":0,"parent":0,"menu_order":0,"comment_status":"closed","ping_status":"closed","template":"","meta":{"rop_custom_images_group":[],"rop_custom_messages_group":[],"rop_publish_now":"initial","rop_publish_now_accounts":{"twitter_2267886176_2267886176":"","facebook_6260826503938377_535350576571812":""},"rop_publish_now_history":[],"rop_publish_now_status":"pending","_monsterinsights_skip_tracking":false,"_monsterinsights_sitenote_active":false,"_monsterinsights_sitenote_note":"","_monsterinsights_sitenote_category":0,"footnotes":""},"class_list":["post-109","page","type-page","status-publish","hentry"],"yoast_head":"<!-- This site is optimized with the Yoast SEO plugin v27.0 - https:\/\/yoast.com\/product\/yoast-seo-wordpress\/ -->\n<title>Parcerias UBQ (Criadores) - Um Blog Qualquer<\/title>\n<meta name=\"description\" content=\"P\u00e1gina contendo os criadores de conte\u00fados parceiro do UBQ. Uma iniciativa bacana para divulgar seu trabalho e ajudar o pequeno criador\" \/>\n<meta name=\"robots\" content=\"index, follow, max-snippet:-1, max-image-preview:large, max-video-preview:-1\" \/>\n<link rel=\"canonical\" href=\"https:\/\/umblogqualquer.com.br\/index.php\/parcerias-ubq-criadores\/\" \/>\n<meta property=\"og:locale\" content=\"pt_BR\" \/>\n<meta property=\"og:type\" content=\"article\" \/>\n<meta property=\"og:title\" content=\"Parcerias UBQ (Criadores) - Um Blog Qualquer\" \/>\n<meta property=\"og:description\" content=\"P\u00e1gina contendo os criadores de conte\u00fados parceiro do UBQ. Uma iniciativa bacana para divulgar seu trabalho e ajudar o pequeno criador\" \/>\n<meta property=\"og:url\" content=\"https:\/\/umblogqualquer.com.br\/index.php\/parcerias-ubq-criadores\/\" \/>\n<meta property=\"og:site_name\" content=\"Um Blog Qualquer\" \/>\n<meta property=\"article:publisher\" content=\"http:\/\/www.facebook.com\/UmBlogQualquer\" \/>\n<meta property=\"article:modified_time\" content=\"2024-11-01T02:26:54+00:00\" \/>\n<meta property=\"og:image\" content=\"https:\/\/umblogqualquer.com.br\/wp-content\/uploads\/2024\/10\/institucional-capa_pagina-parcerias.png\" \/>\n\t<meta property=\"og:image:width\" content=\"960\" \/>\n\t<meta property=\"og:image:height\" content=\"320\" \/>\n\t<meta property=\"og:image:type\" content=\"image\/png\" \/>\n<meta name=\"twitter:card\" content=\"summary_large_image\" \/>\n<meta name=\"twitter:site\" content=\"@UmBlogQualquer\" \/>\n<meta name=\"twitter:label1\" content=\"Est. tempo de leitura\" \/>\n\t<meta name=\"twitter:data1\" content=\"3 minutos\" \/>\n<script type=\"application\/ld+json\" class=\"yoast-schema-graph\">{\"@context\":\"https:\/\/schema.org\",\"@graph\":[{\"@type\":\"WebPage\",\"@id\":\"https:\/\/umblogqualquer.com.br\/index.php\/parcerias-ubq-criadores\/\",\"url\":\"https:\/\/umblogqualquer.com.br\/index.php\/parcerias-ubq-criadores\/\",\"name\":\"Parcerias UBQ (Criadores) - Um Blog Qualquer\",\"isPartOf\":{\"@id\":\"https:\/\/umblogqualquer.com.br\/#website\"},\"primaryImageOfPage\":{\"@id\":\"https:\/\/umblogqualquer.com.br\/index.php\/parcerias-ubq-criadores\/#primaryimage\"},\"image\":{\"@id\":\"https:\/\/umblogqualquer.com.br\/index.php\/parcerias-ubq-criadores\/#primaryimage\"},\"thumbnailUrl\":\"https:\/\/umblogqualquer.com.br\/wp-content\/uploads\/2024\/10\/institucional-capa_pagina-parcerias.png\",\"datePublished\":\"2019-03-12T23:27:01+00:00\",\"dateModified\":\"2024-11-01T02:26:54+00:00\",\"description\":\"P\u00e1gina contendo os criadores de conte\u00fados parceiro do UBQ. Uma iniciativa bacana para divulgar seu trabalho e ajudar o pequeno criador\",\"breadcrumb\":{\"@id\":\"https:\/\/umblogqualquer.com.br\/index.php\/parcerias-ubq-criadores\/#breadcrumb\"},\"inLanguage\":\"pt-BR\",\"potentialAction\":[{\"@type\":\"ReadAction\",\"target\":[\"https:\/\/umblogqualquer.com.br\/index.php\/parcerias-ubq-criadores\/\"]}]},{\"@type\":\"ImageObject\",\"inLanguage\":\"pt-BR\",\"@id\":\"https:\/\/umblogqualquer.com.br\/index.php\/parcerias-ubq-criadores\/#primaryimage\",\"url\":\"https:\/\/umblogqualquer.com.br\/wp-content\/uploads\/2024\/10\/institucional-capa_pagina-parcerias.png\",\"contentUrl\":\"https:\/\/umblogqualquer.com.br\/wp-content\/uploads\/2024\/10\/institucional-capa_pagina-parcerias.png\",\"width\":960,\"height\":320},{\"@type\":\"BreadcrumbList\",\"@id\":\"https:\/\/umblogqualquer.com.br\/index.php\/parcerias-ubq-criadores\/#breadcrumb\",\"itemListElement\":[{\"@type\":\"ListItem\",\"position\":1,\"name\":\"In\u00edcio\",\"item\":\"https:\/\/umblogqualquer.com.br\/\"},{\"@type\":\"ListItem\",\"position\":2,\"name\":\"Parcerias UBQ (Criadores)\"}]},{\"@type\":\"WebSite\",\"@id\":\"https:\/\/umblogqualquer.com.br\/#website\",\"url\":\"https:\/\/umblogqualquer.com.br\/\",\"name\":\"Um Blog Qualquer\",\"description\":\"Opini\u00e3o, Informa\u00e7\u00e3o e Entretenimento\",\"publisher\":{\"@id\":\"https:\/\/umblogqualquer.com.br\/#organization\"},\"potentialAction\":[{\"@type\":\"SearchAction\",\"target\":{\"@type\":\"EntryPoint\",\"urlTemplate\":\"https:\/\/umblogqualquer.com.br\/?s={search_term_string}\"},\"query-input\":{\"@type\":\"PropertyValueSpecification\",\"valueRequired\":true,\"valueName\":\"search_term_string\"}}],\"inLanguage\":\"pt-BR\"},{\"@type\":\"Organization\",\"@id\":\"https:\/\/umblogqualquer.com.br\/#organization\",\"name\":\"Um Blog QUalquer\",\"url\":\"https:\/\/umblogqualquer.com.br\/\",\"logo\":{\"@type\":\"ImageObject\",\"inLanguage\":\"pt-BR\",\"@id\":\"https:\/\/umblogqualquer.com.br\/#\/schema\/logo\/image\/\",\"url\":\"https:\/\/umblogqualquer.com.br\/wp-content\/uploads\/2022\/06\/perfil-id-um-blog-qualquer.png\",\"contentUrl\":\"https:\/\/umblogqualquer.com.br\/wp-content\/uploads\/2022\/06\/perfil-id-um-blog-qualquer.png\",\"width\":1200,\"height\":1200,\"caption\":\"Um Blog QUalquer\"},\"image\":{\"@id\":\"https:\/\/umblogqualquer.com.br\/#\/schema\/logo\/image\/\"},\"sameAs\":[\"http:\/\/www.facebook.com\/UmBlogQualquer\",\"https:\/\/x.com\/UmBlogQualquer\",\"http:\/\/www.instagram.com\/1blogqualquer\",\"http:\/\/www.youtube.com\/UmBlogQualquer\"]}]}<\/script>\n<!-- \/ Yoast SEO plugin. -->","yoast_head_json":{"title":"Parcerias UBQ (Criadores) - Um Blog Qualquer","description":"P\u00e1gina contendo os criadores de conte\u00fados parceiro do UBQ. Uma iniciativa bacana para divulgar seu trabalho e ajudar o pequeno criador","robots":{"index":"index","follow":"follow","max-snippet":"max-snippet:-1","max-image-preview":"max-image-preview:large","max-video-preview":"max-video-preview:-1"},"canonical":"https:\/\/umblogqualquer.com.br\/index.php\/parcerias-ubq-criadores\/","og_locale":"pt_BR","og_type":"article","og_title":"Parcerias UBQ (Criadores) - Um Blog Qualquer","og_description":"P\u00e1gina contendo os criadores de conte\u00fados parceiro do UBQ. Uma iniciativa bacana para divulgar seu trabalho e ajudar o pequeno criador","og_url":"https:\/\/umblogqualquer.com.br\/index.php\/parcerias-ubq-criadores\/","og_site_name":"Um Blog Qualquer","article_publisher":"http:\/\/www.facebook.com\/UmBlogQualquer","article_modified_time":"2024-11-01T02:26:54+00:00","og_image":[{"width":960,"height":320,"url":"https:\/\/umblogqualquer.com.br\/wp-content\/uploads\/2024\/10\/institucional-capa_pagina-parcerias.png","type":"image\/png"}],"twitter_card":"summary_large_image","twitter_site":"@UmBlogQualquer","twitter_misc":{"Est. tempo de leitura":"3 minutos"},"schema":{"@context":"https:\/\/schema.org","@graph":[{"@type":"WebPage","@id":"https:\/\/umblogqualquer.com.br\/index.php\/parcerias-ubq-criadores\/","url":"https:\/\/umblogqualquer.com.br\/index.php\/parcerias-ubq-criadores\/","name":"Parcerias UBQ (Criadores) - Um Blog Qualquer","isPartOf":{"@id":"https:\/\/umblogqualquer.com.br\/#website"},"primaryImageOfPage":{"@id":"https:\/\/umblogqualquer.com.br\/index.php\/parcerias-ubq-criadores\/#primaryimage"},"image":{"@id":"https:\/\/umblogqualquer.com.br\/index.php\/parcerias-ubq-criadores\/#primaryimage"},"thumbnailUrl":"https:\/\/umblogqualquer.com.br\/wp-content\/uploads\/2024\/10\/institucional-capa_pagina-parcerias.png","datePublished":"2019-03-12T23:27:01+00:00","dateModified":"2024-11-01T02:26:54+00:00","description":"P\u00e1gina contendo os criadores de conte\u00fados parceiro do UBQ. Uma iniciativa bacana para divulgar seu trabalho e ajudar o pequeno criador","breadcrumb":{"@id":"https:\/\/umblogqualquer.com.br\/index.php\/parcerias-ubq-criadores\/#breadcrumb"},"inLanguage":"pt-BR","potentialAction":[{"@type":"ReadAction","target":["https:\/\/umblogqualquer.com.br\/index.php\/parcerias-ubq-criadores\/"]}]},{"@type":"ImageObject","inLanguage":"pt-BR","@id":"https:\/\/umblogqualquer.com.br\/index.php\/parcerias-ubq-criadores\/#primaryimage","url":"https:\/\/umblogqualquer.com.br\/wp-content\/uploads\/2024\/10\/institucional-capa_pagina-parcerias.png","contentUrl":"https:\/\/umblogqualquer.com.br\/wp-content\/uploads\/2024\/10\/institucional-capa_pagina-parcerias.png","width":960,"height":320},{"@type":"BreadcrumbList","@id":"https:\/\/umblogqualquer.com.br\/index.php\/parcerias-ubq-criadores\/#breadcrumb","itemListElement":[{"@type":"ListItem","position":1,"name":"In\u00edcio","item":"https:\/\/umblogqualquer.com.br\/"},{"@type":"ListItem","position":2,"name":"Parcerias UBQ (Criadores)"}]},{"@type":"WebSite","@id":"https:\/\/umblogqualquer.com.br\/#website","url":"https:\/\/umblogqualquer.com.br\/","name":"Um Blog Qualquer","description":"Opini\u00e3o, Informa\u00e7\u00e3o e Entretenimento","publisher":{"@id":"https:\/\/umblogqualquer.com.br\/#organization"},"potentialAction":[{"@type":"SearchAction","target":{"@type":"EntryPoint","urlTemplate":"https:\/\/umblogqualquer.com.br\/?s={search_term_string}"},"query-input":{"@type":"PropertyValueSpecification","valueRequired":true,"valueName":"search_term_string"}}],"inLanguage":"pt-BR"},{"@type":"Organization","@id":"https:\/\/umblogqualquer.com.br\/#organization","name":"Um Blog QUalquer","url":"https:\/\/umblogqualquer.com.br\/","logo":{"@type":"ImageObject","inLanguage":"pt-BR","@id":"https:\/\/umblogqualquer.com.br\/#\/schema\/logo\/image\/","url":"https:\/\/umblogqualquer.com.br\/wp-content\/uploads\/2022\/06\/perfil-id-um-blog-qualquer.png","contentUrl":"https:\/\/umblogqualquer.com.br\/wp-content\/uploads\/2022\/06\/perfil-id-um-blog-qualquer.png","width":1200,"height":1200,"caption":"Um Blog QUalquer"},"image":{"@id":"https:\/\/umblogqualquer.com.br\/#\/schema\/logo\/image\/"},"sameAs":["http:\/\/www.facebook.com\/UmBlogQualquer","https:\/\/x.com\/UmBlogQualquer","http:\/\/www.instagram.com\/1blogqualquer","http:\/\/www.youtube.com\/UmBlogQualquer"]}]}},"_links":{"self":[{"href":"https:\/\/umblogqualquer.com.br\/index.php\/wp-json\/wp\/v2\/pages\/109","targetHints":{"allow":["GET"]}}],"collection":[{"href":"https:\/\/umblogqualquer.com.br\/index.php\/wp-json\/wp\/v2\/pages"}],"about":[{"href":"https:\/\/umblogqualquer.com.br\/index.php\/wp-json\/wp\/v2\/types\/page"}],"author":[{"embeddable":true,"href":"https:\/\/umblogqualquer.com.br\/index.php\/wp-json\/wp\/v2\/users\/2"}],"replies":[{"embeddable":true,"href":"https:\/\/umblogqualquer.com.br\/index.php\/wp-json\/wp\/v2\/comments?post=109"}],"version-history":[{"count":25,"href":"https:\/\/umblogqualquer.com.br\/index.php\/wp-json\/wp\/v2\/pages\/109\/revisions"}],"predecessor-version":[{"id":8247,"href":"https:\/\/umblogqualquer.com.br\/index.php\/wp-json\/wp\/v2\/pages\/109\/revisions\/8247"}],"wp:attachment":[{"href":"https:\/\/umblogqualquer.com.br\/index.php\/wp-json\/wp\/v2\/media?parent=109"}],"curies":[{"name":"wp","href":"https:\/\/api.w.org\/{rel}","templated":true}]}}