{"id":1329,"date":"2019-11-03T02:46:20","date_gmt":"2019-11-03T04:46:20","guid":{"rendered":"https:\/\/umblogqualquer.com.br\/?page_id=1329"},"modified":"2024-10-30T21:13:10","modified_gmt":"2024-10-31T00:13:10","slug":"sobre-o-ubq","status":"publish","type":"page","link":"https:\/\/umblogqualquer.com.br\/index.php\/sobre-o-ubq\/","title":{"rendered":"Sobre o UBQ"},"content":{"rendered":"\t\t<div data-elementor-type=\"wp-page\" data-elementor-id=\"1329\" class=\"elementor elementor-1329\">\n\t\t\t\t\t\t<section class=\"elementor-section elementor-top-section elementor-element elementor-element-5f9fec5 elementor-section-boxed elementor-section-height-default elementor-section-height-default\" data-id=\"5f9fec5\" data-element_type=\"section\" data-e-type=\"section\">\n\t\t\t\t\t\t<div class=\"elementor-container elementor-column-gap-default\">\n\t\t\t\t\t<div class=\"elementor-column elementor-col-100 elementor-top-column elementor-element elementor-element-89ece43\" data-id=\"89ece43\" data-element_type=\"column\" data-e-type=\"column\">\n\t\t\t<div class=\"elementor-widget-wrap elementor-element-populated\">\n\t\t\t\t\t\t<div class=\"elementor-element elementor-element-ce07f83 elementor-widget elementor-widget-image\" data-id=\"ce07f83\" data-element_type=\"widget\" data-e-type=\"widget\" data-widget_type=\"image.default\">\n\t\t\t\t<div class=\"elementor-widget-container\">\n\t\t\t\t\t\t\t\t\t\t\t\t\t\t\t<img fetchpriority=\"high\" decoding=\"async\" width=\"843\" height=\"281\" src=\"https:\/\/umblogqualquer.com.br\/wp-content\/uploads\/2024\/10\/institucional-capa_pagina-sobre1.png\" class=\"attachment-large size-large wp-image-8204\" alt=\"\" srcset=\"https:\/\/umblogqualquer.com.br\/wp-content\/uploads\/2024\/10\/institucional-capa_pagina-sobre1.png 960w, https:\/\/umblogqualquer.com.br\/wp-content\/uploads\/2024\/10\/institucional-capa_pagina-sobre1-300x100.png 300w, https:\/\/umblogqualquer.com.br\/wp-content\/uploads\/2024\/10\/institucional-capa_pagina-sobre1-768x256.png 768w\" sizes=\"(max-width: 843px) 100vw, 843px\" \/>\t\t\t\t\t\t\t\t\t\t\t\t\t\t\t<\/div>\n\t\t\t\t<\/div>\n\t\t\t\t\t<\/div>\n\t\t<\/div>\n\t\t\t\t\t<\/div>\n\t\t<\/section>\n\t\t\t\t<section class=\"elementor-section elementor-top-section elementor-element elementor-element-5a1f1a1 elementor-section-boxed elementor-section-height-default elementor-section-height-default\" data-id=\"5a1f1a1\" data-element_type=\"section\" data-e-type=\"section\">\n\t\t\t\t\t\t<div class=\"elementor-container elementor-column-gap-default\">\n\t\t\t\t\t<div class=\"elementor-column elementor-col-33 elementor-top-column elementor-element elementor-element-570b3c1\" data-id=\"570b3c1\" data-element_type=\"column\" data-e-type=\"column\">\n\t\t\t<div class=\"elementor-widget-wrap elementor-element-populated\">\n\t\t\t\t\t\t<div class=\"elementor-element elementor-element-4262d8c elementor-widget elementor-widget-image\" data-id=\"4262d8c\" data-element_type=\"widget\" data-e-type=\"widget\" data-widget_type=\"image.default\">\n\t\t\t\t<div class=\"elementor-widget-container\">\n\t\t\t\t\t\t\t\t\t\t\t\t\t\t\t<img decoding=\"async\" width=\"843\" height=\"843\" src=\"https:\/\/umblogqualquer.com.br\/wp-content\/uploads\/2024\/10\/cropped-logotipo_2025_fundo-transparente-1024x1024.png\" class=\"attachment-large size-large wp-image-8108\" alt=\"\" srcset=\"https:\/\/umblogqualquer.com.br\/wp-content\/uploads\/2024\/10\/cropped-logotipo_2025_fundo-transparente-1024x1024.png 1024w, https:\/\/umblogqualquer.com.br\/wp-content\/uploads\/2024\/10\/cropped-logotipo_2025_fundo-transparente-300x300.png 300w, https:\/\/umblogqualquer.com.br\/wp-content\/uploads\/2024\/10\/cropped-logotipo_2025_fundo-transparente-150x150.png 150w, https:\/\/umblogqualquer.com.br\/wp-content\/uploads\/2024\/10\/cropped-logotipo_2025_fundo-transparente-768x768.png 768w, https:\/\/umblogqualquer.com.br\/wp-content\/uploads\/2024\/10\/cropped-logotipo_2025_fundo-transparente.png 1200w\" sizes=\"(max-width: 843px) 100vw, 843px\" \/>\t\t\t\t\t\t\t\t\t\t\t\t\t\t\t<\/div>\n\t\t\t\t<\/div>\n\t\t\t\t\t<\/div>\n\t\t<\/div>\n\t\t\t\t<div class=\"elementor-column elementor-col-66 elementor-top-column elementor-element elementor-element-0a932a0\" data-id=\"0a932a0\" data-element_type=\"column\" data-e-type=\"column\">\n\t\t\t<div class=\"elementor-widget-wrap elementor-element-populated\">\n\t\t\t\t\t\t<div class=\"elementor-element elementor-element-fa46294 elementor-widget elementor-widget-text-editor\" data-id=\"fa46294\" data-element_type=\"widget\" data-e-type=\"widget\" data-widget_type=\"text-editor.default\">\n\t\t\t\t<div class=\"elementor-widget-container\">\n\t\t\t\t\t\t\t\t\t<p>O UBQ nasceu como um blog de opini\u00e3o vinculado a um site de um profissional da \u00e1rea de tecnologia. Ganhou corpo, ganhou identidade e a\u00ed sim, virou o que hoje a gente conhece como UBQ.<\/p><p>Informa\u00e7\u00e3o, opini\u00e3o e entretenimento\u2026 Com temas relacionados \u00e0 tecnologia, cultura pop, inova\u00e7\u00e3o, sociedade e comportamento, o UBQ segue uma linha editorial onde prevalece a pluralidade de opini\u00e3o, respeitando a diverg\u00eancia de pensamento e promovendo um debate saud\u00e1vel sobre os temas que discute.<\/p><p>Temos uma equipe de autores que tratam de assuntos em diversas \u00e1reas de conhecimento. Em nossa ess\u00eancia, a informa\u00e7\u00e3o correta, a opini\u00e3o direta, honesta e plural. Assim, al\u00e9m de informar e opinar, o UBQ traz tamb\u00e9m entretenimento. E com nossas diversas editorias publicando textos nas mais variadas \u00e1reas do conhecimento, esse \u00e9 o UBQ&#8230; Um espa\u00e7o para a livre manifesta\u00e7\u00e3o.<\/p>\t\t\t\t\t\t\t\t<\/div>\n\t\t\t\t<\/div>\n\t\t\t\t\t<\/div>\n\t\t<\/div>\n\t\t\t\t\t<\/div>\n\t\t<\/section>\n\t\t\t\t<\/div>\n\t\t","protected":false},"excerpt":{"rendered":"<p>O UBQ nasceu como um blog de opini\u00e3o vinculado a um site de um profissional da \u00e1rea de tecnologia. Ganhou corpo, ganhou identidade e a\u00ed&hellip;<\/p>\n","protected":false},"author":2,"featured_media":0,"parent":0,"menu_order":0,"comment_status":"closed","ping_status":"closed","template":"","meta":{"rop_custom_images_group":[],"rop_custom_messages_group":[],"rop_publish_now":"initial","rop_publish_now_accounts":{"twitter_2267886176_2267886176":"","facebook_6260826503938377_535350576571812":""},"rop_publish_now_history":[],"rop_publish_now_status":"pending","_monsterinsights_skip_tracking":false,"_monsterinsights_sitenote_active":false,"_monsterinsights_sitenote_note":"","_monsterinsights_sitenote_category":0,"footnotes":""},"class_list":["post-1329","page","type-page","status-publish","hentry"],"yoast_head":"<!-- This site is optimized with the Yoast SEO plugin v27.4 - https:\/\/yoast.com\/product\/yoast-seo-wordpress\/ -->\n<title>Sobre o UBQ - Um Blog Qualquer<\/title>\n<meta name=\"robots\" content=\"index, follow, max-snippet:-1, max-image-preview:large, max-video-preview:-1\" \/>\n<link rel=\"canonical\" href=\"https:\/\/umblogqualquer.com.br\/index.php\/sobre-o-ubq\/\" \/>\n<meta property=\"og:locale\" content=\"pt_BR\" \/>\n<meta property=\"og:type\" content=\"article\" \/>\n<meta property=\"og:title\" content=\"Sobre o UBQ - Um Blog Qualquer\" \/>\n<meta property=\"og:description\" content=\"O UBQ nasceu como um blog de opini\u00e3o vinculado a um site de um profissional da \u00e1rea de tecnologia. Ganhou corpo, ganhou identidade e a\u00ed&hellip;\" \/>\n<meta property=\"og:url\" content=\"https:\/\/umblogqualquer.com.br\/index.php\/sobre-o-ubq\/\" \/>\n<meta property=\"og:site_name\" content=\"Um Blog Qualquer\" \/>\n<meta property=\"article:publisher\" content=\"http:\/\/www.facebook.com\/UmBlogQualquer\" \/>\n<meta property=\"article:modified_time\" content=\"2024-10-31T00:13:10+00:00\" \/>\n<meta property=\"og:image\" content=\"https:\/\/umblogqualquer.com.br\/wp-content\/uploads\/2024\/10\/institucional-capa_pagina-sobre1.png\" \/>\n\t<meta property=\"og:image:width\" content=\"960\" \/>\n\t<meta property=\"og:image:height\" content=\"320\" \/>\n\t<meta property=\"og:image:type\" content=\"image\/png\" \/>\n<meta name=\"twitter:card\" content=\"summary_large_image\" \/>\n<meta name=\"twitter:site\" content=\"@UmBlogQualquer\" \/>\n<meta name=\"twitter:label1\" content=\"Est. tempo de leitura\" \/>\n\t<meta name=\"twitter:data1\" content=\"2 minutos\" \/>\n<script type=\"application\/ld+json\" class=\"yoast-schema-graph\">{\"@context\":\"https:\\\/\\\/schema.org\",\"@graph\":[{\"@type\":\"WebPage\",\"@id\":\"https:\\\/\\\/umblogqualquer.com.br\\\/index.php\\\/sobre-o-ubq\\\/\",\"url\":\"https:\\\/\\\/umblogqualquer.com.br\\\/index.php\\\/sobre-o-ubq\\\/\",\"name\":\"Sobre o UBQ - Um Blog Qualquer\",\"isPartOf\":{\"@id\":\"https:\\\/\\\/umblogqualquer.com.br\\\/#website\"},\"primaryImageOfPage\":{\"@id\":\"https:\\\/\\\/umblogqualquer.com.br\\\/index.php\\\/sobre-o-ubq\\\/#primaryimage\"},\"image\":{\"@id\":\"https:\\\/\\\/umblogqualquer.com.br\\\/index.php\\\/sobre-o-ubq\\\/#primaryimage\"},\"thumbnailUrl\":\"https:\\\/\\\/umblogqualquer.com.br\\\/wp-content\\\/uploads\\\/2024\\\/10\\\/institucional-capa_pagina-sobre1.png\",\"datePublished\":\"2019-11-03T04:46:20+00:00\",\"dateModified\":\"2024-10-31T00:13:10+00:00\",\"breadcrumb\":{\"@id\":\"https:\\\/\\\/umblogqualquer.com.br\\\/index.php\\\/sobre-o-ubq\\\/#breadcrumb\"},\"inLanguage\":\"pt-BR\",\"potentialAction\":[{\"@type\":\"ReadAction\",\"target\":[\"https:\\\/\\\/umblogqualquer.com.br\\\/index.php\\\/sobre-o-ubq\\\/\"]}]},{\"@type\":\"ImageObject\",\"inLanguage\":\"pt-BR\",\"@id\":\"https:\\\/\\\/umblogqualquer.com.br\\\/index.php\\\/sobre-o-ubq\\\/#primaryimage\",\"url\":\"https:\\\/\\\/umblogqualquer.com.br\\\/wp-content\\\/uploads\\\/2024\\\/10\\\/institucional-capa_pagina-sobre1.png\",\"contentUrl\":\"https:\\\/\\\/umblogqualquer.com.br\\\/wp-content\\\/uploads\\\/2024\\\/10\\\/institucional-capa_pagina-sobre1.png\",\"width\":960,\"height\":320},{\"@type\":\"BreadcrumbList\",\"@id\":\"https:\\\/\\\/umblogqualquer.com.br\\\/index.php\\\/sobre-o-ubq\\\/#breadcrumb\",\"itemListElement\":[{\"@type\":\"ListItem\",\"position\":1,\"name\":\"In\u00edcio\",\"item\":\"https:\\\/\\\/umblogqualquer.com.br\\\/\"},{\"@type\":\"ListItem\",\"position\":2,\"name\":\"Sobre o UBQ\"}]},{\"@type\":\"WebSite\",\"@id\":\"https:\\\/\\\/umblogqualquer.com.br\\\/#website\",\"url\":\"https:\\\/\\\/umblogqualquer.com.br\\\/\",\"name\":\"Um Blog Qualquer\",\"description\":\"Opini\u00e3o, Informa\u00e7\u00e3o e Entretenimento\",\"publisher\":{\"@id\":\"https:\\\/\\\/umblogqualquer.com.br\\\/#organization\"},\"potentialAction\":[{\"@type\":\"SearchAction\",\"target\":{\"@type\":\"EntryPoint\",\"urlTemplate\":\"https:\\\/\\\/umblogqualquer.com.br\\\/?s={search_term_string}\"},\"query-input\":{\"@type\":\"PropertyValueSpecification\",\"valueRequired\":true,\"valueName\":\"search_term_string\"}}],\"inLanguage\":\"pt-BR\"},{\"@type\":\"Organization\",\"@id\":\"https:\\\/\\\/umblogqualquer.com.br\\\/#organization\",\"name\":\"Um Blog QUalquer\",\"url\":\"https:\\\/\\\/umblogqualquer.com.br\\\/\",\"logo\":{\"@type\":\"ImageObject\",\"inLanguage\":\"pt-BR\",\"@id\":\"https:\\\/\\\/umblogqualquer.com.br\\\/#\\\/schema\\\/logo\\\/image\\\/\",\"url\":\"https:\\\/\\\/umblogqualquer.com.br\\\/wp-content\\\/uploads\\\/2022\\\/06\\\/perfil-id-um-blog-qualquer.png\",\"contentUrl\":\"https:\\\/\\\/umblogqualquer.com.br\\\/wp-content\\\/uploads\\\/2022\\\/06\\\/perfil-id-um-blog-qualquer.png\",\"width\":1200,\"height\":1200,\"caption\":\"Um Blog QUalquer\"},\"image\":{\"@id\":\"https:\\\/\\\/umblogqualquer.com.br\\\/#\\\/schema\\\/logo\\\/image\\\/\"},\"sameAs\":[\"http:\\\/\\\/www.facebook.com\\\/UmBlogQualquer\",\"https:\\\/\\\/x.com\\\/UmBlogQualquer\",\"http:\\\/\\\/www.instagram.com\\\/1blogqualquer\",\"http:\\\/\\\/www.youtube.com\\\/UmBlogQualquer\"]}]}<\/script>\n<!-- \/ Yoast SEO plugin. -->","yoast_head_json":{"title":"Sobre o UBQ - Um Blog Qualquer","robots":{"index":"index","follow":"follow","max-snippet":"max-snippet:-1","max-image-preview":"max-image-preview:large","max-video-preview":"max-video-preview:-1"},"canonical":"https:\/\/umblogqualquer.com.br\/index.php\/sobre-o-ubq\/","og_locale":"pt_BR","og_type":"article","og_title":"Sobre o UBQ - Um Blog Qualquer","og_description":"O UBQ nasceu como um blog de opini\u00e3o vinculado a um site de um profissional da \u00e1rea de tecnologia. Ganhou corpo, ganhou identidade e a\u00ed&hellip;","og_url":"https:\/\/umblogqualquer.com.br\/index.php\/sobre-o-ubq\/","og_site_name":"Um Blog Qualquer","article_publisher":"http:\/\/www.facebook.com\/UmBlogQualquer","article_modified_time":"2024-10-31T00:13:10+00:00","og_image":[{"width":960,"height":320,"url":"https:\/\/umblogqualquer.com.br\/wp-content\/uploads\/2024\/10\/institucional-capa_pagina-sobre1.png","type":"image\/png"}],"twitter_card":"summary_large_image","twitter_site":"@UmBlogQualquer","twitter_misc":{"Est. tempo de leitura":"2 minutos"},"schema":{"@context":"https:\/\/schema.org","@graph":[{"@type":"WebPage","@id":"https:\/\/umblogqualquer.com.br\/index.php\/sobre-o-ubq\/","url":"https:\/\/umblogqualquer.com.br\/index.php\/sobre-o-ubq\/","name":"Sobre o UBQ - Um Blog Qualquer","isPartOf":{"@id":"https:\/\/umblogqualquer.com.br\/#website"},"primaryImageOfPage":{"@id":"https:\/\/umblogqualquer.com.br\/index.php\/sobre-o-ubq\/#primaryimage"},"image":{"@id":"https:\/\/umblogqualquer.com.br\/index.php\/sobre-o-ubq\/#primaryimage"},"thumbnailUrl":"https:\/\/umblogqualquer.com.br\/wp-content\/uploads\/2024\/10\/institucional-capa_pagina-sobre1.png","datePublished":"2019-11-03T04:46:20+00:00","dateModified":"2024-10-31T00:13:10+00:00","breadcrumb":{"@id":"https:\/\/umblogqualquer.com.br\/index.php\/sobre-o-ubq\/#breadcrumb"},"inLanguage":"pt-BR","potentialAction":[{"@type":"ReadAction","target":["https:\/\/umblogqualquer.com.br\/index.php\/sobre-o-ubq\/"]}]},{"@type":"ImageObject","inLanguage":"pt-BR","@id":"https:\/\/umblogqualquer.com.br\/index.php\/sobre-o-ubq\/#primaryimage","url":"https:\/\/umblogqualquer.com.br\/wp-content\/uploads\/2024\/10\/institucional-capa_pagina-sobre1.png","contentUrl":"https:\/\/umblogqualquer.com.br\/wp-content\/uploads\/2024\/10\/institucional-capa_pagina-sobre1.png","width":960,"height":320},{"@type":"BreadcrumbList","@id":"https:\/\/umblogqualquer.com.br\/index.php\/sobre-o-ubq\/#breadcrumb","itemListElement":[{"@type":"ListItem","position":1,"name":"In\u00edcio","item":"https:\/\/umblogqualquer.com.br\/"},{"@type":"ListItem","position":2,"name":"Sobre o UBQ"}]},{"@type":"WebSite","@id":"https:\/\/umblogqualquer.com.br\/#website","url":"https:\/\/umblogqualquer.com.br\/","name":"Um Blog Qualquer","description":"Opini\u00e3o, Informa\u00e7\u00e3o e Entretenimento","publisher":{"@id":"https:\/\/umblogqualquer.com.br\/#organization"},"potentialAction":[{"@type":"SearchAction","target":{"@type":"EntryPoint","urlTemplate":"https:\/\/umblogqualquer.com.br\/?s={search_term_string}"},"query-input":{"@type":"PropertyValueSpecification","valueRequired":true,"valueName":"search_term_string"}}],"inLanguage":"pt-BR"},{"@type":"Organization","@id":"https:\/\/umblogqualquer.com.br\/#organization","name":"Um Blog QUalquer","url":"https:\/\/umblogqualquer.com.br\/","logo":{"@type":"ImageObject","inLanguage":"pt-BR","@id":"https:\/\/umblogqualquer.com.br\/#\/schema\/logo\/image\/","url":"https:\/\/umblogqualquer.com.br\/wp-content\/uploads\/2022\/06\/perfil-id-um-blog-qualquer.png","contentUrl":"https:\/\/umblogqualquer.com.br\/wp-content\/uploads\/2022\/06\/perfil-id-um-blog-qualquer.png","width":1200,"height":1200,"caption":"Um Blog QUalquer"},"image":{"@id":"https:\/\/umblogqualquer.com.br\/#\/schema\/logo\/image\/"},"sameAs":["http:\/\/www.facebook.com\/UmBlogQualquer","https:\/\/x.com\/UmBlogQualquer","http:\/\/www.instagram.com\/1blogqualquer","http:\/\/www.youtube.com\/UmBlogQualquer"]}]}},"_links":{"self":[{"href":"https:\/\/umblogqualquer.com.br\/index.php\/wp-json\/wp\/v2\/pages\/1329","targetHints":{"allow":["GET"]}}],"collection":[{"href":"https:\/\/umblogqualquer.com.br\/index.php\/wp-json\/wp\/v2\/pages"}],"about":[{"href":"https:\/\/umblogqualquer.com.br\/index.php\/wp-json\/wp\/v2\/types\/page"}],"author":[{"embeddable":true,"href":"https:\/\/umblogqualquer.com.br\/index.php\/wp-json\/wp\/v2\/users\/2"}],"replies":[{"embeddable":true,"href":"https:\/\/umblogqualquer.com.br\/index.php\/wp-json\/wp\/v2\/comments?post=1329"}],"version-history":[{"count":25,"href":"https:\/\/umblogqualquer.com.br\/index.php\/wp-json\/wp\/v2\/pages\/1329\/revisions"}],"predecessor-version":[{"id":8207,"href":"https:\/\/umblogqualquer.com.br\/index.php\/wp-json\/wp\/v2\/pages\/1329\/revisions\/8207"}],"wp:attachment":[{"href":"https:\/\/umblogqualquer.com.br\/index.php\/wp-json\/wp\/v2\/media?parent=1329"}],"curies":[{"name":"wp","href":"https:\/\/api.w.org\/{rel}","templated":true}]}}