{"id":1638,"date":"2019-12-08T22:04:17","date_gmt":"2019-12-09T01:04:17","guid":{"rendered":"https:\/\/umblogqualquer.com.br\/?page_id=1638"},"modified":"2023-02-15T10:50:43","modified_gmt":"2023-02-15T13:50:43","slug":"nossos-videos-no-youtube","status":"publish","type":"page","link":"https:\/\/umblogqualquer.com.br\/index.php\/nossos-videos-no-youtube\/","title":{"rendered":"Nossos v\u00eddeos no YouTube"},"content":{"rendered":"\n<p>Nossos v\u00eddeos s\u00e3o produzidos e editados por Ricardo Marques (Editor Respons\u00e1vel do UBQ). Em nossa produ\u00e7\u00e3o, utilizamos alguns equipamentos que podem variar de acordo com o ambiente e formato da grava\u00e7\u00e3o.<\/p>\n\n\n\n<p>Em geral, utilizamos os seguintes equipamentos:<\/p>\n\n\n\n<ul class=\"wp-block-list\"><li>C\u00e2meras: Canon Vixia RF800, Canon SX-530HS, Sony HandyCam CX-220, Logitech C920 e Moto G6 (Formato Full HD 1920&#215;1080 em 24, 30 ou 60 fps)<\/li><li>Microfones:\u00a0Yoga HT81, Lapela Sony ECS3, Arcano Renius 8, Shure SV-200 e Microsoft Life Chat LX3000<\/li><li>Interface de \u00e1udio: Zoom H4N (Capta\u00e7\u00e3o em 48 KHz em 24 bits) ou Zoom UAC-2<\/li><\/ul>\n\n\n\n<p>Para a edi\u00e7\u00e3o e mixagem do nosso conte\u00fado, utilizamos o seguinte conjunto de software:<\/p>\n\n\n\n<ul class=\"wp-block-list\"><li>Vegas Pro Edit 16.0<\/li><li>Sound Forge Audio Studio 13.0<\/li><li>Adobe Photoshop CC<\/li><li>\u00a0Audacity 2.3.2<\/li><li>\u00a0The Levelator 2.1.1<\/li><li>OBS Studio 24.0.1 (para lives)<\/li><\/ul>\n\n\n\n<h2 class=\"wp-block-heading\">M\u00fasicas e Efeitos Especiais<\/h2>\n\n\n\n<p>Em geral, utilizamos m\u00fasicas e efeitos com Free Royalties, sendo as m\u00fasicas e os autores indicados individualmente em cada v\u00eddeo. Em caso de viola\u00e7\u00e3o (involunt\u00e1ria) de direitos, n\u00e3o existe em entrar em contato conosco.<\/p>\n\n\n\n<p><\/p>\n","protected":false},"excerpt":{"rendered":"<p>Nossos v\u00eddeos s\u00e3o produzidos e editados por Ricardo Marques (Editor Respons\u00e1vel do UBQ). Em nossa produ\u00e7\u00e3o, utilizamos alguns equipamentos que podem variar de acordo com&hellip;<\/p>\n","protected":false},"author":2,"featured_media":0,"parent":0,"menu_order":0,"comment_status":"closed","ping_status":"closed","template":"","meta":{"rop_custom_images_group":[],"rop_custom_messages_group":[],"rop_publish_now":"initial","rop_publish_now_accounts":{"twitter_2267886176_2267886176":"","facebook_6260826503938377_535350576571812":""},"rop_publish_now_history":[],"rop_publish_now_status":"pending","_monsterinsights_skip_tracking":false,"_monsterinsights_sitenote_active":false,"_monsterinsights_sitenote_note":"","_monsterinsights_sitenote_category":0,"footnotes":""},"class_list":["post-1638","page","type-page","status-publish","hentry"],"yoast_head":"<!-- This site is optimized with the Yoast SEO plugin v27.0 - https:\/\/yoast.com\/product\/yoast-seo-wordpress\/ -->\n<title>Nossos v\u00eddeos no YouTube - Um Blog Qualquer<\/title>\n<meta name=\"robots\" content=\"index, follow, max-snippet:-1, max-image-preview:large, max-video-preview:-1\" \/>\n<link rel=\"canonical\" href=\"https:\/\/umblogqualquer.com.br\/index.php\/nossos-videos-no-youtube\/\" \/>\n<meta property=\"og:locale\" content=\"pt_BR\" \/>\n<meta property=\"og:type\" content=\"article\" \/>\n<meta property=\"og:title\" content=\"Nossos v\u00eddeos no YouTube - Um Blog Qualquer\" \/>\n<meta property=\"og:description\" content=\"Nossos v\u00eddeos s\u00e3o produzidos e editados por Ricardo Marques (Editor Respons\u00e1vel do UBQ). Em nossa produ\u00e7\u00e3o, utilizamos alguns equipamentos que podem variar de acordo com&hellip;\" \/>\n<meta property=\"og:url\" content=\"https:\/\/umblogqualquer.com.br\/index.php\/nossos-videos-no-youtube\/\" \/>\n<meta property=\"og:site_name\" content=\"Um Blog Qualquer\" \/>\n<meta property=\"article:publisher\" content=\"http:\/\/www.facebook.com\/UmBlogQualquer\" \/>\n<meta property=\"article:modified_time\" content=\"2023-02-15T13:50:43+00:00\" \/>\n<meta name=\"twitter:card\" content=\"summary_large_image\" \/>\n<meta name=\"twitter:site\" content=\"@UmBlogQualquer\" \/>\n<meta name=\"twitter:label1\" content=\"Est. tempo de leitura\" \/>\n\t<meta name=\"twitter:data1\" content=\"1 minuto\" \/>\n<script type=\"application\/ld+json\" class=\"yoast-schema-graph\">{\"@context\":\"https:\/\/schema.org\",\"@graph\":[{\"@type\":\"WebPage\",\"@id\":\"https:\/\/umblogqualquer.com.br\/index.php\/nossos-videos-no-youtube\/\",\"url\":\"https:\/\/umblogqualquer.com.br\/index.php\/nossos-videos-no-youtube\/\",\"name\":\"Nossos v\u00eddeos no YouTube - Um Blog Qualquer\",\"isPartOf\":{\"@id\":\"https:\/\/umblogqualquer.com.br\/#website\"},\"datePublished\":\"2019-12-09T01:04:17+00:00\",\"dateModified\":\"2023-02-15T13:50:43+00:00\",\"breadcrumb\":{\"@id\":\"https:\/\/umblogqualquer.com.br\/index.php\/nossos-videos-no-youtube\/#breadcrumb\"},\"inLanguage\":\"pt-BR\",\"potentialAction\":[{\"@type\":\"ReadAction\",\"target\":[\"https:\/\/umblogqualquer.com.br\/index.php\/nossos-videos-no-youtube\/\"]}]},{\"@type\":\"BreadcrumbList\",\"@id\":\"https:\/\/umblogqualquer.com.br\/index.php\/nossos-videos-no-youtube\/#breadcrumb\",\"itemListElement\":[{\"@type\":\"ListItem\",\"position\":1,\"name\":\"In\u00edcio\",\"item\":\"https:\/\/umblogqualquer.com.br\/\"},{\"@type\":\"ListItem\",\"position\":2,\"name\":\"Nossos v\u00eddeos no YouTube\"}]},{\"@type\":\"WebSite\",\"@id\":\"https:\/\/umblogqualquer.com.br\/#website\",\"url\":\"https:\/\/umblogqualquer.com.br\/\",\"name\":\"Um Blog Qualquer\",\"description\":\"Opini\u00e3o, Informa\u00e7\u00e3o e Entretenimento\",\"publisher\":{\"@id\":\"https:\/\/umblogqualquer.com.br\/#organization\"},\"potentialAction\":[{\"@type\":\"SearchAction\",\"target\":{\"@type\":\"EntryPoint\",\"urlTemplate\":\"https:\/\/umblogqualquer.com.br\/?s={search_term_string}\"},\"query-input\":{\"@type\":\"PropertyValueSpecification\",\"valueRequired\":true,\"valueName\":\"search_term_string\"}}],\"inLanguage\":\"pt-BR\"},{\"@type\":\"Organization\",\"@id\":\"https:\/\/umblogqualquer.com.br\/#organization\",\"name\":\"Um Blog QUalquer\",\"url\":\"https:\/\/umblogqualquer.com.br\/\",\"logo\":{\"@type\":\"ImageObject\",\"inLanguage\":\"pt-BR\",\"@id\":\"https:\/\/umblogqualquer.com.br\/#\/schema\/logo\/image\/\",\"url\":\"https:\/\/umblogqualquer.com.br\/wp-content\/uploads\/2022\/06\/perfil-id-um-blog-qualquer.png\",\"contentUrl\":\"https:\/\/umblogqualquer.com.br\/wp-content\/uploads\/2022\/06\/perfil-id-um-blog-qualquer.png\",\"width\":1200,\"height\":1200,\"caption\":\"Um Blog QUalquer\"},\"image\":{\"@id\":\"https:\/\/umblogqualquer.com.br\/#\/schema\/logo\/image\/\"},\"sameAs\":[\"http:\/\/www.facebook.com\/UmBlogQualquer\",\"https:\/\/x.com\/UmBlogQualquer\",\"http:\/\/www.instagram.com\/1blogqualquer\",\"http:\/\/www.youtube.com\/UmBlogQualquer\"]}]}<\/script>\n<!-- \/ Yoast SEO plugin. -->","yoast_head_json":{"title":"Nossos v\u00eddeos no YouTube - Um Blog Qualquer","robots":{"index":"index","follow":"follow","max-snippet":"max-snippet:-1","max-image-preview":"max-image-preview:large","max-video-preview":"max-video-preview:-1"},"canonical":"https:\/\/umblogqualquer.com.br\/index.php\/nossos-videos-no-youtube\/","og_locale":"pt_BR","og_type":"article","og_title":"Nossos v\u00eddeos no YouTube - Um Blog Qualquer","og_description":"Nossos v\u00eddeos s\u00e3o produzidos e editados por Ricardo Marques (Editor Respons\u00e1vel do UBQ). Em nossa produ\u00e7\u00e3o, utilizamos alguns equipamentos que podem variar de acordo com&hellip;","og_url":"https:\/\/umblogqualquer.com.br\/index.php\/nossos-videos-no-youtube\/","og_site_name":"Um Blog Qualquer","article_publisher":"http:\/\/www.facebook.com\/UmBlogQualquer","article_modified_time":"2023-02-15T13:50:43+00:00","twitter_card":"summary_large_image","twitter_site":"@UmBlogQualquer","twitter_misc":{"Est. tempo de leitura":"1 minuto"},"schema":{"@context":"https:\/\/schema.org","@graph":[{"@type":"WebPage","@id":"https:\/\/umblogqualquer.com.br\/index.php\/nossos-videos-no-youtube\/","url":"https:\/\/umblogqualquer.com.br\/index.php\/nossos-videos-no-youtube\/","name":"Nossos v\u00eddeos no YouTube - Um Blog Qualquer","isPartOf":{"@id":"https:\/\/umblogqualquer.com.br\/#website"},"datePublished":"2019-12-09T01:04:17+00:00","dateModified":"2023-02-15T13:50:43+00:00","breadcrumb":{"@id":"https:\/\/umblogqualquer.com.br\/index.php\/nossos-videos-no-youtube\/#breadcrumb"},"inLanguage":"pt-BR","potentialAction":[{"@type":"ReadAction","target":["https:\/\/umblogqualquer.com.br\/index.php\/nossos-videos-no-youtube\/"]}]},{"@type":"BreadcrumbList","@id":"https:\/\/umblogqualquer.com.br\/index.php\/nossos-videos-no-youtube\/#breadcrumb","itemListElement":[{"@type":"ListItem","position":1,"name":"In\u00edcio","item":"https:\/\/umblogqualquer.com.br\/"},{"@type":"ListItem","position":2,"name":"Nossos v\u00eddeos no YouTube"}]},{"@type":"WebSite","@id":"https:\/\/umblogqualquer.com.br\/#website","url":"https:\/\/umblogqualquer.com.br\/","name":"Um Blog Qualquer","description":"Opini\u00e3o, Informa\u00e7\u00e3o e Entretenimento","publisher":{"@id":"https:\/\/umblogqualquer.com.br\/#organization"},"potentialAction":[{"@type":"SearchAction","target":{"@type":"EntryPoint","urlTemplate":"https:\/\/umblogqualquer.com.br\/?s={search_term_string}"},"query-input":{"@type":"PropertyValueSpecification","valueRequired":true,"valueName":"search_term_string"}}],"inLanguage":"pt-BR"},{"@type":"Organization","@id":"https:\/\/umblogqualquer.com.br\/#organization","name":"Um Blog QUalquer","url":"https:\/\/umblogqualquer.com.br\/","logo":{"@type":"ImageObject","inLanguage":"pt-BR","@id":"https:\/\/umblogqualquer.com.br\/#\/schema\/logo\/image\/","url":"https:\/\/umblogqualquer.com.br\/wp-content\/uploads\/2022\/06\/perfil-id-um-blog-qualquer.png","contentUrl":"https:\/\/umblogqualquer.com.br\/wp-content\/uploads\/2022\/06\/perfil-id-um-blog-qualquer.png","width":1200,"height":1200,"caption":"Um Blog QUalquer"},"image":{"@id":"https:\/\/umblogqualquer.com.br\/#\/schema\/logo\/image\/"},"sameAs":["http:\/\/www.facebook.com\/UmBlogQualquer","https:\/\/x.com\/UmBlogQualquer","http:\/\/www.instagram.com\/1blogqualquer","http:\/\/www.youtube.com\/UmBlogQualquer"]}]}},"_links":{"self":[{"href":"https:\/\/umblogqualquer.com.br\/index.php\/wp-json\/wp\/v2\/pages\/1638","targetHints":{"allow":["GET"]}}],"collection":[{"href":"https:\/\/umblogqualquer.com.br\/index.php\/wp-json\/wp\/v2\/pages"}],"about":[{"href":"https:\/\/umblogqualquer.com.br\/index.php\/wp-json\/wp\/v2\/types\/page"}],"author":[{"embeddable":true,"href":"https:\/\/umblogqualquer.com.br\/index.php\/wp-json\/wp\/v2\/users\/2"}],"replies":[{"embeddable":true,"href":"https:\/\/umblogqualquer.com.br\/index.php\/wp-json\/wp\/v2\/comments?post=1638"}],"version-history":[{"count":10,"href":"https:\/\/umblogqualquer.com.br\/index.php\/wp-json\/wp\/v2\/pages\/1638\/revisions"}],"predecessor-version":[{"id":2386,"href":"https:\/\/umblogqualquer.com.br\/index.php\/wp-json\/wp\/v2\/pages\/1638\/revisions\/2386"}],"wp:attachment":[{"href":"https:\/\/umblogqualquer.com.br\/index.php\/wp-json\/wp\/v2\/media?parent=1638"}],"curies":[{"name":"wp","href":"https:\/\/api.w.org\/{rel}","templated":true}]}}