{"id":187,"date":"2019-03-14T08:31:31","date_gmt":"2019-03-14T11:31:31","guid":{"rendered":"https:\/\/umblogqualquer.com.br\/?page_id=187"},"modified":"2024-11-01T00:24:05","modified_gmt":"2024-11-01T03:24:05","slug":"o-antigo-ubq","status":"publish","type":"page","link":"https:\/\/umblogqualquer.com.br\/index.php\/o-antigo-ubq\/","title":{"rendered":"O antigo site do UBQ"},"content":{"rendered":"\t\t<div data-elementor-type=\"wp-page\" data-elementor-id=\"187\" class=\"elementor elementor-187\">\n\t\t\t\t\t\t<section class=\"elementor-section elementor-top-section elementor-element elementor-element-3c8eaae elementor-section-boxed elementor-section-height-default elementor-section-height-default\" data-id=\"3c8eaae\" data-element_type=\"section\" data-e-type=\"section\">\n\t\t\t\t\t\t<div class=\"elementor-container elementor-column-gap-default\">\n\t\t\t\t\t<div class=\"elementor-column elementor-col-100 elementor-top-column elementor-element elementor-element-74fd432\" data-id=\"74fd432\" data-element_type=\"column\" data-e-type=\"column\">\n\t\t\t<div class=\"elementor-widget-wrap elementor-element-populated\">\n\t\t\t\t\t\t<div class=\"elementor-element elementor-element-dee32a9 elementor-widget elementor-widget-image\" data-id=\"dee32a9\" data-element_type=\"widget\" data-e-type=\"widget\" data-widget_type=\"image.default\">\n\t\t\t\t<div class=\"elementor-widget-container\">\n\t\t\t\t\t\t\t\t\t\t\t\t\t\t\t<img fetchpriority=\"high\" decoding=\"async\" width=\"843\" height=\"281\" src=\"https:\/\/umblogqualquer.com.br\/wp-content\/uploads\/2024\/11\/institucional-capa_pagina-antigo-ubq.png\" class=\"attachment-large size-large wp-image-8252\" alt=\"\" srcset=\"https:\/\/umblogqualquer.com.br\/wp-content\/uploads\/2024\/11\/institucional-capa_pagina-antigo-ubq.png 960w, https:\/\/umblogqualquer.com.br\/wp-content\/uploads\/2024\/11\/institucional-capa_pagina-antigo-ubq-300x100.png 300w, https:\/\/umblogqualquer.com.br\/wp-content\/uploads\/2024\/11\/institucional-capa_pagina-antigo-ubq-768x256.png 768w\" sizes=\"(max-width: 843px) 100vw, 843px\" \/>\t\t\t\t\t\t\t\t\t\t\t\t\t\t\t<\/div>\n\t\t\t\t<\/div>\n\t\t\t\t<div class=\"elementor-element elementor-element-c2d4a9d elementor-widget elementor-widget-heading\" data-id=\"c2d4a9d\" data-element_type=\"widget\" data-e-type=\"widget\" data-widget_type=\"heading.default\">\n\t\t\t\t<div class=\"elementor-widget-container\">\n\t\t\t\t\t<h2 class=\"elementor-heading-title elementor-size-default\">Do Blogger ao WordPress<\/h2>\t\t\t\t<\/div>\n\t\t\t\t<\/div>\n\t\t\t\t<div class=\"elementor-element elementor-element-a6cd602 elementor-widget elementor-widget-text-editor\" data-id=\"a6cd602\" data-element_type=\"widget\" data-e-type=\"widget\" data-widget_type=\"text-editor.default\">\n\t\t\t\t<div class=\"elementor-widget-container\">\n\t\t\t\t\t\t\t\t\t<p>Entre abril\/2009 at\u00e9 fevereiro\/2019, o UBQ foi hospedado na plataforma Blogger. E durante todo este tempo em que o Blogger foi a casa do UBQ, criamos mais de 700 artigos sobre diversos temas.<\/p>\n<p>E a migra\u00e7\u00e3o entre plataformas n\u00e3o \u00e9 algo simples. Para n\u00e3o corrermos o risco de perdermos algo durante o processo, optamos por manter no ar o site antigo em sua \u00edntegra. Com mais tempo, faremos a migra\u00e7\u00e3o dos textos mais relevantes e importantes de nossa hist\u00f3ria aqui para o novo site.<\/p>\n<p><!-- \/wp:paragraph --><!-- wp:paragraph --><\/p>\n<p>At\u00e9 l\u00e1, voc\u00ea pode aproveitar todo o conte\u00fado do nosso antigo UBQ no site: <a href=\"http:\/\/antigoubq.blogspot.com\/\">http:\/\/antigoubq.blogspot.com\/<\/a><\/p>\t\t\t\t\t\t\t\t<\/div>\n\t\t\t\t<\/div>\n\t\t\t\t<div class=\"elementor-element elementor-element-afac053 elementor-widget elementor-widget-image\" data-id=\"afac053\" data-element_type=\"widget\" data-e-type=\"widget\" data-widget_type=\"image.default\">\n\t\t\t\t<div class=\"elementor-widget-container\">\n\t\t\t\t\t\t\t\t\t\t\t\t<figure class=\"wp-caption\">\n\t\t\t\t\t\t\t\t\t\t<img decoding=\"async\" width=\"843\" height=\"641\" src=\"https:\/\/umblogqualquer.com.br\/wp-content\/uploads\/2019\/03\/pagina_antigoubq_01.png\" class=\"attachment-large size-large wp-image-189\" alt=\"\" srcset=\"https:\/\/umblogqualquer.com.br\/wp-content\/uploads\/2019\/03\/pagina_antigoubq_01.png 954w, https:\/\/umblogqualquer.com.br\/wp-content\/uploads\/2019\/03\/pagina_antigoubq_01-300x228.png 300w, https:\/\/umblogqualquer.com.br\/wp-content\/uploads\/2019\/03\/pagina_antigoubq_01-768x584.png 768w\" sizes=\"(max-width: 843px) 100vw, 843px\" \/>\t\t\t\t\t\t\t\t\t\t\t<figcaption class=\"widget-image-caption wp-caption-text\">O antigo site do UBQ hospedado orgulhosamente no Blogger. Quase 10 anos de bons servi\u00e7oes prestados<\/figcaption>\n\t\t\t\t\t\t\t\t\t\t<\/figure>\n\t\t\t\t\t\t\t\t\t<\/div>\n\t\t\t\t<\/div>\n\t\t\t\t\t<\/div>\n\t\t<\/div>\n\t\t\t\t\t<\/div>\n\t\t<\/section>\n\t\t\t\t<\/div>\n\t\t","protected":false},"excerpt":{"rendered":"<p>Do Blogger ao WordPress Entre abril\/2009 at\u00e9 fevereiro\/2019, o UBQ foi hospedado na plataforma Blogger. E durante todo este tempo em que o Blogger foi&hellip;<\/p>\n","protected":false},"author":2,"featured_media":0,"parent":0,"menu_order":0,"comment_status":"closed","ping_status":"closed","template":"","meta":{"rop_custom_images_group":[],"rop_custom_messages_group":[],"rop_publish_now":"initial","rop_publish_now_accounts":{"twitter_2267886176_2267886176":"","facebook_6260826503938377_535350576571812":""},"rop_publish_now_history":[],"rop_publish_now_status":"pending","_monsterinsights_skip_tracking":false,"_monsterinsights_sitenote_active":false,"_monsterinsights_sitenote_note":"","_monsterinsights_sitenote_category":0,"footnotes":""},"class_list":["post-187","page","type-page","status-publish","hentry"],"yoast_head":"<!-- This site is optimized with the Yoast SEO plugin v27.4 - https:\/\/yoast.com\/product\/yoast-seo-wordpress\/ -->\n<title>O antigo site do UBQ - Um Blog Qualquer<\/title>\n<meta name=\"robots\" content=\"index, follow, max-snippet:-1, max-image-preview:large, max-video-preview:-1\" \/>\n<link rel=\"canonical\" href=\"https:\/\/umblogqualquer.com.br\/index.php\/o-antigo-ubq\/\" \/>\n<meta property=\"og:locale\" content=\"pt_BR\" \/>\n<meta property=\"og:type\" content=\"article\" \/>\n<meta property=\"og:title\" content=\"O antigo site do UBQ - Um Blog Qualquer\" \/>\n<meta property=\"og:description\" content=\"Do Blogger ao WordPress Entre abril\/2009 at\u00e9 fevereiro\/2019, o UBQ foi hospedado na plataforma Blogger. E durante todo este tempo em que o Blogger foi&hellip;\" \/>\n<meta property=\"og:url\" content=\"https:\/\/umblogqualquer.com.br\/index.php\/o-antigo-ubq\/\" \/>\n<meta property=\"og:site_name\" content=\"Um Blog Qualquer\" \/>\n<meta property=\"article:publisher\" content=\"http:\/\/www.facebook.com\/UmBlogQualquer\" \/>\n<meta property=\"article:modified_time\" content=\"2024-11-01T03:24:05+00:00\" \/>\n<meta property=\"og:image\" content=\"https:\/\/umblogqualquer.com.br\/wp-content\/uploads\/2024\/11\/institucional-capa_pagina-antigo-ubq.png\" \/>\n\t<meta property=\"og:image:width\" content=\"960\" \/>\n\t<meta property=\"og:image:height\" content=\"320\" \/>\n\t<meta property=\"og:image:type\" content=\"image\/png\" \/>\n<meta name=\"twitter:card\" content=\"summary_large_image\" \/>\n<meta name=\"twitter:site\" content=\"@UmBlogQualquer\" \/>\n<meta name=\"twitter:label1\" content=\"Est. tempo de leitura\" \/>\n\t<meta name=\"twitter:data1\" content=\"2 minutos\" \/>\n<script type=\"application\/ld+json\" class=\"yoast-schema-graph\">{\"@context\":\"https:\\\/\\\/schema.org\",\"@graph\":[{\"@type\":\"WebPage\",\"@id\":\"https:\\\/\\\/umblogqualquer.com.br\\\/index.php\\\/o-antigo-ubq\\\/\",\"url\":\"https:\\\/\\\/umblogqualquer.com.br\\\/index.php\\\/o-antigo-ubq\\\/\",\"name\":\"O antigo site do UBQ - Um Blog Qualquer\",\"isPartOf\":{\"@id\":\"https:\\\/\\\/umblogqualquer.com.br\\\/#website\"},\"primaryImageOfPage\":{\"@id\":\"https:\\\/\\\/umblogqualquer.com.br\\\/index.php\\\/o-antigo-ubq\\\/#primaryimage\"},\"image\":{\"@id\":\"https:\\\/\\\/umblogqualquer.com.br\\\/index.php\\\/o-antigo-ubq\\\/#primaryimage\"},\"thumbnailUrl\":\"https:\\\/\\\/umblogqualquer.com.br\\\/wp-content\\\/uploads\\\/2024\\\/11\\\/institucional-capa_pagina-antigo-ubq.png\",\"datePublished\":\"2019-03-14T11:31:31+00:00\",\"dateModified\":\"2024-11-01T03:24:05+00:00\",\"breadcrumb\":{\"@id\":\"https:\\\/\\\/umblogqualquer.com.br\\\/index.php\\\/o-antigo-ubq\\\/#breadcrumb\"},\"inLanguage\":\"pt-BR\",\"potentialAction\":[{\"@type\":\"ReadAction\",\"target\":[\"https:\\\/\\\/umblogqualquer.com.br\\\/index.php\\\/o-antigo-ubq\\\/\"]}]},{\"@type\":\"ImageObject\",\"inLanguage\":\"pt-BR\",\"@id\":\"https:\\\/\\\/umblogqualquer.com.br\\\/index.php\\\/o-antigo-ubq\\\/#primaryimage\",\"url\":\"https:\\\/\\\/umblogqualquer.com.br\\\/wp-content\\\/uploads\\\/2024\\\/11\\\/institucional-capa_pagina-antigo-ubq.png\",\"contentUrl\":\"https:\\\/\\\/umblogqualquer.com.br\\\/wp-content\\\/uploads\\\/2024\\\/11\\\/institucional-capa_pagina-antigo-ubq.png\",\"width\":960,\"height\":320},{\"@type\":\"BreadcrumbList\",\"@id\":\"https:\\\/\\\/umblogqualquer.com.br\\\/index.php\\\/o-antigo-ubq\\\/#breadcrumb\",\"itemListElement\":[{\"@type\":\"ListItem\",\"position\":1,\"name\":\"In\u00edcio\",\"item\":\"https:\\\/\\\/umblogqualquer.com.br\\\/\"},{\"@type\":\"ListItem\",\"position\":2,\"name\":\"O antigo site do UBQ\"}]},{\"@type\":\"WebSite\",\"@id\":\"https:\\\/\\\/umblogqualquer.com.br\\\/#website\",\"url\":\"https:\\\/\\\/umblogqualquer.com.br\\\/\",\"name\":\"Um Blog Qualquer\",\"description\":\"Opini\u00e3o, Informa\u00e7\u00e3o e Entretenimento\",\"publisher\":{\"@id\":\"https:\\\/\\\/umblogqualquer.com.br\\\/#organization\"},\"potentialAction\":[{\"@type\":\"SearchAction\",\"target\":{\"@type\":\"EntryPoint\",\"urlTemplate\":\"https:\\\/\\\/umblogqualquer.com.br\\\/?s={search_term_string}\"},\"query-input\":{\"@type\":\"PropertyValueSpecification\",\"valueRequired\":true,\"valueName\":\"search_term_string\"}}],\"inLanguage\":\"pt-BR\"},{\"@type\":\"Organization\",\"@id\":\"https:\\\/\\\/umblogqualquer.com.br\\\/#organization\",\"name\":\"Um Blog QUalquer\",\"url\":\"https:\\\/\\\/umblogqualquer.com.br\\\/\",\"logo\":{\"@type\":\"ImageObject\",\"inLanguage\":\"pt-BR\",\"@id\":\"https:\\\/\\\/umblogqualquer.com.br\\\/#\\\/schema\\\/logo\\\/image\\\/\",\"url\":\"https:\\\/\\\/umblogqualquer.com.br\\\/wp-content\\\/uploads\\\/2022\\\/06\\\/perfil-id-um-blog-qualquer.png\",\"contentUrl\":\"https:\\\/\\\/umblogqualquer.com.br\\\/wp-content\\\/uploads\\\/2022\\\/06\\\/perfil-id-um-blog-qualquer.png\",\"width\":1200,\"height\":1200,\"caption\":\"Um Blog QUalquer\"},\"image\":{\"@id\":\"https:\\\/\\\/umblogqualquer.com.br\\\/#\\\/schema\\\/logo\\\/image\\\/\"},\"sameAs\":[\"http:\\\/\\\/www.facebook.com\\\/UmBlogQualquer\",\"https:\\\/\\\/x.com\\\/UmBlogQualquer\",\"http:\\\/\\\/www.instagram.com\\\/1blogqualquer\",\"http:\\\/\\\/www.youtube.com\\\/UmBlogQualquer\"]}]}<\/script>\n<!-- \/ Yoast SEO plugin. -->","yoast_head_json":{"title":"O antigo site do UBQ - Um Blog Qualquer","robots":{"index":"index","follow":"follow","max-snippet":"max-snippet:-1","max-image-preview":"max-image-preview:large","max-video-preview":"max-video-preview:-1"},"canonical":"https:\/\/umblogqualquer.com.br\/index.php\/o-antigo-ubq\/","og_locale":"pt_BR","og_type":"article","og_title":"O antigo site do UBQ - Um Blog Qualquer","og_description":"Do Blogger ao WordPress Entre abril\/2009 at\u00e9 fevereiro\/2019, o UBQ foi hospedado na plataforma Blogger. E durante todo este tempo em que o Blogger foi&hellip;","og_url":"https:\/\/umblogqualquer.com.br\/index.php\/o-antigo-ubq\/","og_site_name":"Um Blog Qualquer","article_publisher":"http:\/\/www.facebook.com\/UmBlogQualquer","article_modified_time":"2024-11-01T03:24:05+00:00","og_image":[{"width":960,"height":320,"url":"https:\/\/umblogqualquer.com.br\/wp-content\/uploads\/2024\/11\/institucional-capa_pagina-antigo-ubq.png","type":"image\/png"}],"twitter_card":"summary_large_image","twitter_site":"@UmBlogQualquer","twitter_misc":{"Est. tempo de leitura":"2 minutos"},"schema":{"@context":"https:\/\/schema.org","@graph":[{"@type":"WebPage","@id":"https:\/\/umblogqualquer.com.br\/index.php\/o-antigo-ubq\/","url":"https:\/\/umblogqualquer.com.br\/index.php\/o-antigo-ubq\/","name":"O antigo site do UBQ - Um Blog Qualquer","isPartOf":{"@id":"https:\/\/umblogqualquer.com.br\/#website"},"primaryImageOfPage":{"@id":"https:\/\/umblogqualquer.com.br\/index.php\/o-antigo-ubq\/#primaryimage"},"image":{"@id":"https:\/\/umblogqualquer.com.br\/index.php\/o-antigo-ubq\/#primaryimage"},"thumbnailUrl":"https:\/\/umblogqualquer.com.br\/wp-content\/uploads\/2024\/11\/institucional-capa_pagina-antigo-ubq.png","datePublished":"2019-03-14T11:31:31+00:00","dateModified":"2024-11-01T03:24:05+00:00","breadcrumb":{"@id":"https:\/\/umblogqualquer.com.br\/index.php\/o-antigo-ubq\/#breadcrumb"},"inLanguage":"pt-BR","potentialAction":[{"@type":"ReadAction","target":["https:\/\/umblogqualquer.com.br\/index.php\/o-antigo-ubq\/"]}]},{"@type":"ImageObject","inLanguage":"pt-BR","@id":"https:\/\/umblogqualquer.com.br\/index.php\/o-antigo-ubq\/#primaryimage","url":"https:\/\/umblogqualquer.com.br\/wp-content\/uploads\/2024\/11\/institucional-capa_pagina-antigo-ubq.png","contentUrl":"https:\/\/umblogqualquer.com.br\/wp-content\/uploads\/2024\/11\/institucional-capa_pagina-antigo-ubq.png","width":960,"height":320},{"@type":"BreadcrumbList","@id":"https:\/\/umblogqualquer.com.br\/index.php\/o-antigo-ubq\/#breadcrumb","itemListElement":[{"@type":"ListItem","position":1,"name":"In\u00edcio","item":"https:\/\/umblogqualquer.com.br\/"},{"@type":"ListItem","position":2,"name":"O antigo site do UBQ"}]},{"@type":"WebSite","@id":"https:\/\/umblogqualquer.com.br\/#website","url":"https:\/\/umblogqualquer.com.br\/","name":"Um Blog Qualquer","description":"Opini\u00e3o, Informa\u00e7\u00e3o e Entretenimento","publisher":{"@id":"https:\/\/umblogqualquer.com.br\/#organization"},"potentialAction":[{"@type":"SearchAction","target":{"@type":"EntryPoint","urlTemplate":"https:\/\/umblogqualquer.com.br\/?s={search_term_string}"},"query-input":{"@type":"PropertyValueSpecification","valueRequired":true,"valueName":"search_term_string"}}],"inLanguage":"pt-BR"},{"@type":"Organization","@id":"https:\/\/umblogqualquer.com.br\/#organization","name":"Um Blog QUalquer","url":"https:\/\/umblogqualquer.com.br\/","logo":{"@type":"ImageObject","inLanguage":"pt-BR","@id":"https:\/\/umblogqualquer.com.br\/#\/schema\/logo\/image\/","url":"https:\/\/umblogqualquer.com.br\/wp-content\/uploads\/2022\/06\/perfil-id-um-blog-qualquer.png","contentUrl":"https:\/\/umblogqualquer.com.br\/wp-content\/uploads\/2022\/06\/perfil-id-um-blog-qualquer.png","width":1200,"height":1200,"caption":"Um Blog QUalquer"},"image":{"@id":"https:\/\/umblogqualquer.com.br\/#\/schema\/logo\/image\/"},"sameAs":["http:\/\/www.facebook.com\/UmBlogQualquer","https:\/\/x.com\/UmBlogQualquer","http:\/\/www.instagram.com\/1blogqualquer","http:\/\/www.youtube.com\/UmBlogQualquer"]}]}},"_links":{"self":[{"href":"https:\/\/umblogqualquer.com.br\/index.php\/wp-json\/wp\/v2\/pages\/187","targetHints":{"allow":["GET"]}}],"collection":[{"href":"https:\/\/umblogqualquer.com.br\/index.php\/wp-json\/wp\/v2\/pages"}],"about":[{"href":"https:\/\/umblogqualquer.com.br\/index.php\/wp-json\/wp\/v2\/types\/page"}],"author":[{"embeddable":true,"href":"https:\/\/umblogqualquer.com.br\/index.php\/wp-json\/wp\/v2\/users\/2"}],"replies":[{"embeddable":true,"href":"https:\/\/umblogqualquer.com.br\/index.php\/wp-json\/wp\/v2\/comments?post=187"}],"version-history":[{"count":8,"href":"https:\/\/umblogqualquer.com.br\/index.php\/wp-json\/wp\/v2\/pages\/187\/revisions"}],"predecessor-version":[{"id":8255,"href":"https:\/\/umblogqualquer.com.br\/index.php\/wp-json\/wp\/v2\/pages\/187\/revisions\/8255"}],"wp:attachment":[{"href":"https:\/\/umblogqualquer.com.br\/index.php\/wp-json\/wp\/v2\/media?parent=187"}],"curies":[{"name":"wp","href":"https:\/\/api.w.org\/{rel}","templated":true}]}}