{"id":1994,"date":"2020-01-19T04:02:30","date_gmt":"2020-01-19T07:02:30","guid":{"rendered":"https:\/\/umblogqualquer.com.br\/?page_id=1994"},"modified":"2024-10-16T21:35:24","modified_gmt":"2024-10-17T00:35:24","slug":"elementor-1994","status":"publish","type":"page","link":"https:\/\/umblogqualquer.com.br\/index.php\/elementor-1994\/","title":{"rendered":"Editorial"},"content":{"rendered":"\t\t<div data-elementor-type=\"wp-page\" data-elementor-id=\"1994\" class=\"elementor elementor-1994\">\n\t\t\t\t\t\t<section class=\"elementor-section elementor-top-section elementor-element elementor-element-1fbad34 elementor-section-boxed elementor-section-height-default elementor-section-height-default\" data-id=\"1fbad34\" data-element_type=\"section\" data-e-type=\"section\">\n\t\t\t\t\t\t<div class=\"elementor-container elementor-column-gap-default\">\n\t\t\t\t\t<div class=\"elementor-column elementor-col-100 elementor-top-column elementor-element elementor-element-481c360\" data-id=\"481c360\" data-element_type=\"column\" data-e-type=\"column\">\n\t\t\t<div class=\"elementor-widget-wrap elementor-element-populated\">\n\t\t\t\t\t\t<div class=\"elementor-element elementor-element-d31362f elementor-widget elementor-widget-image\" data-id=\"d31362f\" data-element_type=\"widget\" data-e-type=\"widget\" data-widget_type=\"image.default\">\n\t\t\t\t<div class=\"elementor-widget-container\">\n\t\t\t\t\t\t\t\t\t\t\t\t\t\t\t<img fetchpriority=\"high\" decoding=\"async\" width=\"843\" height=\"281\" src=\"https:\/\/umblogqualquer.com.br\/wp-content\/uploads\/2024\/10\/institucional-capa_pagina-editorial_01.png\" class=\"attachment-large size-large wp-image-8123\" alt=\"\" srcset=\"https:\/\/umblogqualquer.com.br\/wp-content\/uploads\/2024\/10\/institucional-capa_pagina-editorial_01.png 960w, https:\/\/umblogqualquer.com.br\/wp-content\/uploads\/2024\/10\/institucional-capa_pagina-editorial_01-300x100.png 300w, https:\/\/umblogqualquer.com.br\/wp-content\/uploads\/2024\/10\/institucional-capa_pagina-editorial_01-768x256.png 768w\" sizes=\"(max-width: 843px) 100vw, 843px\" \/>\t\t\t\t\t\t\t\t\t\t\t\t\t\t\t<\/div>\n\t\t\t\t<\/div>\n\t\t\t\t<div class=\"elementor-element elementor-element-900c5b1 elementor-widget elementor-widget-text-editor\" data-id=\"900c5b1\" data-element_type=\"widget\" data-e-type=\"widget\" data-widget_type=\"text-editor.default\">\n\t\t\t\t<div class=\"elementor-widget-container\">\n\t\t\t\t\t\t\t\t\t<p>Em uma defini\u00e7\u00e3o simples, um editorial nada mais \u00e9 do que um artigo publicado por um ve\u00edculo de comunica\u00e7\u00e3o &#8211; geralmente escrito pelo redator-chefe do jornal &#8211; que expressa a opini\u00e3o do ve\u00edculo.\u00a0<span style=\"color: var( --e-global-color-text ); font-family: var( --e-global-typography-text-font-family ), Sans-serif; font-weight: var( --e-global-typography-text-font-weight );\">Ou seja, nossos editoriais refletem a opini\u00e3o oficial do UBQ sobre um determinado assunto.<\/span><\/p><p>Jornais e revistas publicam editoriais a cada nova edi\u00e7\u00e3o de suas publica\u00e7\u00f5es (basta olhar a contra capa do jornal <i>O Estado de S\u00e3o Paulo, por exemplo).<\/i> Aqui no UBQ os editoriais ser\u00e3o publicados quando existir relev\u00e2ncia ou necessidade para isso.<\/p><p>Apesar disso, a partir de 2020, pelo menos dois editoriais est\u00e3o garantidos: o de abertura dos trabalhos no in\u00edcio do ano (o UBQ State of The Union) e o de encerramento dos trabalhos a ser escrito no final do ano.\u00a0<span style=\"color: var( --e-global-color-text ); font-family: var( --e-global-typography-text-font-family ), Sans-serif; font-weight: var( --e-global-typography-text-font-weight );\">Independentemente do que publicaremos por aqui, observaremos sempre nosso lema &#8220;<\/span><em style=\"color: var( --e-global-color-text ); font-family: var( --e-global-typography-text-font-family ), Sans-serif; font-weight: var( --e-global-typography-text-font-weight );\"><strong>o direito \u00e0 livre manifesta\u00e7\u00e3o&#8221;<\/strong><\/em><span style=\"color: var( --e-global-color-text ); font-family: var( --e-global-typography-text-font-family ), Sans-serif; font-weight: var( --e-global-typography-text-font-weight );\">.<\/span><\/p>\t\t\t\t\t\t\t\t<\/div>\n\t\t\t\t<\/div>\n\t\t\t\t\t<\/div>\n\t\t<\/div>\n\t\t\t\t\t<\/div>\n\t\t<\/section>\n\t\t\t\t<section class=\"elementor-section elementor-top-section elementor-element elementor-element-3ec3852 elementor-section-boxed elementor-section-height-default elementor-section-height-default\" data-id=\"3ec3852\" data-element_type=\"section\" data-e-type=\"section\">\n\t\t\t\t\t\t<div class=\"elementor-container elementor-column-gap-default\">\n\t\t\t\t\t<div class=\"elementor-column elementor-col-100 elementor-top-column elementor-element elementor-element-8042c5a\" data-id=\"8042c5a\" data-element_type=\"column\" data-e-type=\"column\">\n\t\t\t<div class=\"elementor-widget-wrap elementor-element-populated\">\n\t\t\t\t\t\t<div class=\"elementor-element elementor-element-ddebaac elementor-widget elementor-widget-obfx-posts-grid\" data-id=\"ddebaac\" data-element_type=\"widget\" data-e-type=\"widget\" data-widget_type=\"obfx-posts-grid.default\">\n\t\t\t\t<div class=\"elementor-widget-container\">\n\t\t\t\t\t<div class=\"obfx-grid\"><div class=\"obfx-grid-container obfx-grid-desktop-2\"><div class=\"obfx-grid-wrapper\"><article class=\"obfx-grid-col\"><div class=\"obfx-grid-col-image\" style=\"\"><a href=\"https:\/\/umblogqualquer.com.br\/index.php\/2026\/01\/01\/o-ubq-voltara-em-2026\/\" title=\"O UBQ voltar\u00e1 em 2026!\"><img decoding=\"async\" width=\"1366\" height=\"768\" src=\"https:\/\/umblogqualquer.com.br\/wp-content\/uploads\/2025\/12\/251231_editorial_ano-novo_00.png\" class=\"img-responsive wp-post-image\" alt=\"251231_editorial_ano-novo_00\" srcset=\"https:\/\/umblogqualquer.com.br\/wp-content\/uploads\/2025\/12\/251231_editorial_ano-novo_00.png 1366w, https:\/\/umblogqualquer.com.br\/wp-content\/uploads\/2025\/12\/251231_editorial_ano-novo_00-300x169.png 300w, https:\/\/umblogqualquer.com.br\/wp-content\/uploads\/2025\/12\/251231_editorial_ano-novo_00-1024x576.png 1024w, https:\/\/umblogqualquer.com.br\/wp-content\/uploads\/2025\/12\/251231_editorial_ano-novo_00-768x432.png 768w\" sizes=\"(max-width: 1366px) 100vw, 1366px\" \/><\/a><\/div><div class=\"obfx-grid-col-content\">\t\t\t<h2 class=\"entry-title obfx-grid-title\">\n\t\t\t\t\t\t\t<a href=\"https:\/\/umblogqualquer.com.br\/index.php\/2026\/01\/01\/o-ubq-voltara-em-2026\/\" title=\"O UBQ voltar\u00e1 em 2026!\">\n\t\t\t\t\tO UBQ voltar\u00e1 em 2026!\t\t\t\t<\/a>\n\t\t\t\t\t\t\t<\/h2>\n\t\t\t\t\t\t\t<div class=\"entry-meta obfx-grid-meta\">\n\n\t\t\t\t\t\t\t\t\t\t\t\t\t<span class=\"obfx-grid-author\">\n\t\t\t\t\t\t\t\t\t<i class=\"fas fa-user\"><\/i>Ricardo Marques\t\t\t\t\t\t\t\t<\/span>\n\t\t\t\t\t\t\t\t\t\t\t\t\t\t\t\t<span class=\"obfx-grid-date\">\n\t\t\t\t\t\t\t\t\t<i class=\"fas fa-calendar\"><\/i>1 de janeiro de 2026\t\t\t\t\t\t\t\t<\/span>\n\t\t\t\t\t\t\t\t\n\t\t\t\t<\/div>\n\t\t\t\t\t\t\t<div class=\"entry-content obfx-grid-content\">\n\t\t\t\tEnt\u00e3o \u00e9 isso&#8230; um novo ano est\u00e1 come\u00e7ando. Chegamos em 2026. Obrigado 2025&#8230; Um ano foi um ponto de inflex\u00e3o na hist\u00f3ria do UBQ e&hellip;\t\t\t<\/div>\n\t\t\t<\/div><\/article><\/div><div class=\"obfx-grid-wrapper\"><article class=\"obfx-grid-col\"><div class=\"obfx-grid-col-image\" style=\"\"><a href=\"https:\/\/umblogqualquer.com.br\/index.php\/2025\/08\/27\/informar-opinar-e-entreter\/\" title=\"Informar, opinar e Entreter\"><img decoding=\"async\" width=\"1366\" height=\"768\" src=\"https:\/\/umblogqualquer.com.br\/wp-content\/uploads\/2025\/08\/250816_editorial_00.png\" class=\"img-responsive wp-post-image\" alt=\"250816_editorial_00\" srcset=\"https:\/\/umblogqualquer.com.br\/wp-content\/uploads\/2025\/08\/250816_editorial_00.png 1366w, https:\/\/umblogqualquer.com.br\/wp-content\/uploads\/2025\/08\/250816_editorial_00-300x169.png 300w, https:\/\/umblogqualquer.com.br\/wp-content\/uploads\/2025\/08\/250816_editorial_00-1024x576.png 1024w, https:\/\/umblogqualquer.com.br\/wp-content\/uploads\/2025\/08\/250816_editorial_00-768x432.png 768w\" sizes=\"(max-width: 1366px) 100vw, 1366px\" \/><\/a><\/div><div class=\"obfx-grid-col-content\">\t\t\t<h2 class=\"entry-title obfx-grid-title\">\n\t\t\t\t\t\t\t<a href=\"https:\/\/umblogqualquer.com.br\/index.php\/2025\/08\/27\/informar-opinar-e-entreter\/\" title=\"Informar, opinar e Entreter\">\n\t\t\t\t\tInformar, opinar e Entreter\t\t\t\t<\/a>\n\t\t\t\t\t\t\t<\/h2>\n\t\t\t\t\t\t\t<div class=\"entry-meta obfx-grid-meta\">\n\n\t\t\t\t\t\t\t\t\t\t\t\t\t<span class=\"obfx-grid-author\">\n\t\t\t\t\t\t\t\t\t<i class=\"fas fa-user\"><\/i>Ricardo Marques\t\t\t\t\t\t\t\t<\/span>\n\t\t\t\t\t\t\t\t\t\t\t\t\t\t\t\t<span class=\"obfx-grid-date\">\n\t\t\t\t\t\t\t\t\t<i class=\"fas fa-calendar\"><\/i>27 de agosto de 2025\t\t\t\t\t\t\t\t<\/span>\n\t\t\t\t\t\t\t\t\n\t\t\t\t<\/div>\n\t\t\t\t\t\t\t<div class=\"entry-content obfx-grid-content\">\n\t\t\t\tAs vezes simplesmente n\u00e3o \u00e9 poss\u00edvel separar o UBQ da minha identidade pessoal. Mas em um ano de tantos desafios pessoais, eu preciso escrever n\u00e3o&hellip;\t\t\t<\/div>\n\t\t\t<\/div><\/article><\/div><div class=\"obfx-grid-wrapper\"><article class=\"obfx-grid-col\"><div class=\"obfx-grid-col-image\" style=\"\"><a href=\"https:\/\/umblogqualquer.com.br\/index.php\/2024\/11\/01\/a-resiliencia-do-ubq\/\" title=\"A resili\u00eancia do UBQ\"><img loading=\"lazy\" decoding=\"async\" width=\"960\" height=\"540\" src=\"https:\/\/umblogqualquer.com.br\/wp-content\/uploads\/2024\/11\/241101_editorial_00.png\" class=\"img-responsive wp-post-image\" alt=\"241101_editorial_00\" srcset=\"https:\/\/umblogqualquer.com.br\/wp-content\/uploads\/2024\/11\/241101_editorial_00.png 960w, https:\/\/umblogqualquer.com.br\/wp-content\/uploads\/2024\/11\/241101_editorial_00-300x169.png 300w, https:\/\/umblogqualquer.com.br\/wp-content\/uploads\/2024\/11\/241101_editorial_00-768x432.png 768w\" sizes=\"(max-width: 960px) 100vw, 960px\" \/><\/a><\/div><div class=\"obfx-grid-col-content\">\t\t\t<h2 class=\"entry-title obfx-grid-title\">\n\t\t\t\t\t\t\t<a href=\"https:\/\/umblogqualquer.com.br\/index.php\/2024\/11\/01\/a-resiliencia-do-ubq\/\" title=\"A resili\u00eancia do UBQ\">\n\t\t\t\t\tA resili\u00eancia do UBQ\t\t\t\t<\/a>\n\t\t\t\t\t\t\t<\/h2>\n\t\t\t\t\t\t\t<div class=\"entry-meta obfx-grid-meta\">\n\n\t\t\t\t\t\t\t\t\t\t\t\t\t<span class=\"obfx-grid-author\">\n\t\t\t\t\t\t\t\t\t<i class=\"fas fa-user\"><\/i>Ricardo Marques\t\t\t\t\t\t\t\t<\/span>\n\t\t\t\t\t\t\t\t\t\t\t\t\t\t\t\t<span class=\"obfx-grid-date\">\n\t\t\t\t\t\t\t\t\t<i class=\"fas fa-calendar\"><\/i>1 de novembro de 2024\t\t\t\t\t\t\t\t<\/span>\n\t\t\t\t\t\t\t\t\n\t\t\t\t<\/div>\n\t\t\t\t\t\t\t<div class=\"entry-content obfx-grid-content\">\n\t\t\t\tQuem nos acompanha a algum tempo deve ter percebido que alguma estranha aconteceu no UBQ. Sim&#8230; n\u00f3s tivemos alguns probleminhas por aqui. E estes &#8220;probleminhas&#8221;&hellip;\t\t\t<\/div>\n\t\t\t<\/div><\/article><\/div><div class=\"obfx-grid-wrapper\"><article class=\"obfx-grid-col\"><div class=\"obfx-grid-col-image\" style=\"\"><a href=\"https:\/\/umblogqualquer.com.br\/index.php\/2023\/10\/05\/estaremos-na-brasil-game-show-2023\/\" title=\"Estaremos na Brasil Game Show 2023\"><img loading=\"lazy\" decoding=\"async\" width=\"960\" height=\"540\" src=\"https:\/\/umblogqualquer.com.br\/wp-content\/uploads\/2023\/10\/231005_editorial_00.png\" class=\"img-responsive wp-post-image\" alt=\"231005_editorial_00\" srcset=\"https:\/\/umblogqualquer.com.br\/wp-content\/uploads\/2023\/10\/231005_editorial_00.png 960w, https:\/\/umblogqualquer.com.br\/wp-content\/uploads\/2023\/10\/231005_editorial_00-300x169.png 300w, https:\/\/umblogqualquer.com.br\/wp-content\/uploads\/2023\/10\/231005_editorial_00-768x432.png 768w\" sizes=\"(max-width: 960px) 100vw, 960px\" \/><\/a><\/div><div class=\"obfx-grid-col-content\">\t\t\t<h2 class=\"entry-title obfx-grid-title\">\n\t\t\t\t\t\t\t<a href=\"https:\/\/umblogqualquer.com.br\/index.php\/2023\/10\/05\/estaremos-na-brasil-game-show-2023\/\" title=\"Estaremos na Brasil Game Show 2023\">\n\t\t\t\t\tEstaremos na Brasil Game Show 2023\t\t\t\t<\/a>\n\t\t\t\t\t\t\t<\/h2>\n\t\t\t\t\t\t\t<div class=\"entry-meta obfx-grid-meta\">\n\n\t\t\t\t\t\t\t\t\t\t\t\t\t<span class=\"obfx-grid-author\">\n\t\t\t\t\t\t\t\t\t<i class=\"fas fa-user\"><\/i>Ricardo Marques\t\t\t\t\t\t\t\t<\/span>\n\t\t\t\t\t\t\t\t\t\t\t\t\t\t\t\t<span class=\"obfx-grid-date\">\n\t\t\t\t\t\t\t\t\t<i class=\"fas fa-calendar\"><\/i>5 de outubro de 2023\t\t\t\t\t\t\t\t<\/span>\n\t\t\t\t\t\t\t\t\n\t\t\t\t<\/div>\n\t\t\t\t\t\t\t<div class=\"entry-content obfx-grid-content\">\n\t\t\t\tEu poderia iniciar o texto de forma misteriosa, mas o t\u00edtulo j\u00e1 entrega o motivo de publicarmos este editorial. O UBQ far\u00e1 a cobertura da&hellip;\t\t\t<\/div>\n\t\t\t<\/div><\/article><\/div>\t\t\t\t<div class=\"obfx-grid-pagination\">\n\t\t\t\t\t\t\t\t\t\t<nav class=\"pagination\">\n\t\t\t\t\t\t\t\t\t\t\t<\/nav>\n\t\t\t\t<\/div>\n\t\t\t\t<\/div><!-- .obfx-grid-container --><\/div><!-- .obfx-grid -->\t\t\t\t<\/div>\n\t\t\t\t<\/div>\n\t\t\t\t\t<\/div>\n\t\t<\/div>\n\t\t\t\t\t<\/div>\n\t\t<\/section>\n\t\t\t\t<\/div>\n\t\t","protected":false},"excerpt":{"rendered":"<p>Em uma defini\u00e7\u00e3o simples, um editorial nada mais \u00e9 do que um artigo publicado por um ve\u00edculo de comunica\u00e7\u00e3o &#8211; geralmente escrito pelo redator-chefe do&hellip;<\/p>\n","protected":false},"author":2,"featured_media":0,"parent":0,"menu_order":0,"comment_status":"closed","ping_status":"closed","template":"","meta":{"rop_custom_images_group":[],"rop_custom_messages_group":[],"rop_publish_now":"initial","rop_publish_now_accounts":{"twitter_2267886176_2267886176":"","facebook_6260826503938377_535350576571812":""},"rop_publish_now_history":[],"rop_publish_now_status":"pending","_monsterinsights_skip_tracking":false,"_monsterinsights_sitenote_active":false,"_monsterinsights_sitenote_note":"","_monsterinsights_sitenote_category":0,"footnotes":""},"class_list":["post-1994","page","type-page","status-publish","hentry"],"yoast_head":"<!-- This site is optimized with the Yoast SEO plugin v27.0 - https:\/\/yoast.com\/product\/yoast-seo-wordpress\/ -->\n<title>Editorial - Um Blog Qualquer<\/title>\n<meta name=\"robots\" content=\"index, follow, max-snippet:-1, max-image-preview:large, max-video-preview:-1\" \/>\n<link rel=\"canonical\" href=\"https:\/\/umblogqualquer.com.br\/index.php\/elementor-1994\/\" \/>\n<meta property=\"og:locale\" content=\"pt_BR\" \/>\n<meta property=\"og:type\" content=\"article\" \/>\n<meta property=\"og:title\" content=\"Editorial - Um Blog Qualquer\" \/>\n<meta property=\"og:description\" content=\"Em uma defini\u00e7\u00e3o simples, um editorial nada mais \u00e9 do que um artigo publicado por um ve\u00edculo de comunica\u00e7\u00e3o &#8211; geralmente escrito pelo redator-chefe do&hellip;\" \/>\n<meta property=\"og:url\" content=\"https:\/\/umblogqualquer.com.br\/index.php\/elementor-1994\/\" \/>\n<meta property=\"og:site_name\" content=\"Um Blog Qualquer\" \/>\n<meta property=\"article:publisher\" content=\"http:\/\/www.facebook.com\/UmBlogQualquer\" \/>\n<meta property=\"article:modified_time\" content=\"2024-10-17T00:35:24+00:00\" \/>\n<meta property=\"og:image\" content=\"https:\/\/umblogqualquer.com.br\/wp-content\/uploads\/2024\/10\/institucional-capa_pagina-editorial_01.png\" \/>\n\t<meta property=\"og:image:width\" content=\"960\" \/>\n\t<meta property=\"og:image:height\" content=\"320\" \/>\n\t<meta property=\"og:image:type\" content=\"image\/png\" \/>\n<meta name=\"twitter:card\" content=\"summary_large_image\" \/>\n<meta name=\"twitter:site\" content=\"@UmBlogQualquer\" \/>\n<meta name=\"twitter:label1\" content=\"Est. tempo de leitura\" \/>\n\t<meta name=\"twitter:data1\" content=\"1 minuto\" \/>\n<script type=\"application\/ld+json\" class=\"yoast-schema-graph\">{\"@context\":\"https:\/\/schema.org\",\"@graph\":[{\"@type\":\"WebPage\",\"@id\":\"https:\/\/umblogqualquer.com.br\/index.php\/elementor-1994\/\",\"url\":\"https:\/\/umblogqualquer.com.br\/index.php\/elementor-1994\/\",\"name\":\"Editorial - Um Blog Qualquer\",\"isPartOf\":{\"@id\":\"https:\/\/umblogqualquer.com.br\/#website\"},\"primaryImageOfPage\":{\"@id\":\"https:\/\/umblogqualquer.com.br\/index.php\/elementor-1994\/#primaryimage\"},\"image\":{\"@id\":\"https:\/\/umblogqualquer.com.br\/index.php\/elementor-1994\/#primaryimage\"},\"thumbnailUrl\":\"https:\/\/umblogqualquer.com.br\/wp-content\/uploads\/2024\/10\/institucional-capa_pagina-editorial_01.png\",\"datePublished\":\"2020-01-19T07:02:30+00:00\",\"dateModified\":\"2024-10-17T00:35:24+00:00\",\"breadcrumb\":{\"@id\":\"https:\/\/umblogqualquer.com.br\/index.php\/elementor-1994\/#breadcrumb\"},\"inLanguage\":\"pt-BR\",\"potentialAction\":[{\"@type\":\"ReadAction\",\"target\":[\"https:\/\/umblogqualquer.com.br\/index.php\/elementor-1994\/\"]}]},{\"@type\":\"ImageObject\",\"inLanguage\":\"pt-BR\",\"@id\":\"https:\/\/umblogqualquer.com.br\/index.php\/elementor-1994\/#primaryimage\",\"url\":\"https:\/\/umblogqualquer.com.br\/wp-content\/uploads\/2024\/10\/institucional-capa_pagina-editorial_01.png\",\"contentUrl\":\"https:\/\/umblogqualquer.com.br\/wp-content\/uploads\/2024\/10\/institucional-capa_pagina-editorial_01.png\",\"width\":960,\"height\":320},{\"@type\":\"BreadcrumbList\",\"@id\":\"https:\/\/umblogqualquer.com.br\/index.php\/elementor-1994\/#breadcrumb\",\"itemListElement\":[{\"@type\":\"ListItem\",\"position\":1,\"name\":\"In\u00edcio\",\"item\":\"https:\/\/umblogqualquer.com.br\/\"},{\"@type\":\"ListItem\",\"position\":2,\"name\":\"Editorial\"}]},{\"@type\":\"WebSite\",\"@id\":\"https:\/\/umblogqualquer.com.br\/#website\",\"url\":\"https:\/\/umblogqualquer.com.br\/\",\"name\":\"Um Blog Qualquer\",\"description\":\"Opini\u00e3o, Informa\u00e7\u00e3o e Entretenimento\",\"publisher\":{\"@id\":\"https:\/\/umblogqualquer.com.br\/#organization\"},\"potentialAction\":[{\"@type\":\"SearchAction\",\"target\":{\"@type\":\"EntryPoint\",\"urlTemplate\":\"https:\/\/umblogqualquer.com.br\/?s={search_term_string}\"},\"query-input\":{\"@type\":\"PropertyValueSpecification\",\"valueRequired\":true,\"valueName\":\"search_term_string\"}}],\"inLanguage\":\"pt-BR\"},{\"@type\":\"Organization\",\"@id\":\"https:\/\/umblogqualquer.com.br\/#organization\",\"name\":\"Um Blog QUalquer\",\"url\":\"https:\/\/umblogqualquer.com.br\/\",\"logo\":{\"@type\":\"ImageObject\",\"inLanguage\":\"pt-BR\",\"@id\":\"https:\/\/umblogqualquer.com.br\/#\/schema\/logo\/image\/\",\"url\":\"https:\/\/umblogqualquer.com.br\/wp-content\/uploads\/2022\/06\/perfil-id-um-blog-qualquer.png\",\"contentUrl\":\"https:\/\/umblogqualquer.com.br\/wp-content\/uploads\/2022\/06\/perfil-id-um-blog-qualquer.png\",\"width\":1200,\"height\":1200,\"caption\":\"Um Blog QUalquer\"},\"image\":{\"@id\":\"https:\/\/umblogqualquer.com.br\/#\/schema\/logo\/image\/\"},\"sameAs\":[\"http:\/\/www.facebook.com\/UmBlogQualquer\",\"https:\/\/x.com\/UmBlogQualquer\",\"http:\/\/www.instagram.com\/1blogqualquer\",\"http:\/\/www.youtube.com\/UmBlogQualquer\"]}]}<\/script>\n<!-- \/ Yoast SEO plugin. -->","yoast_head_json":{"title":"Editorial - Um Blog Qualquer","robots":{"index":"index","follow":"follow","max-snippet":"max-snippet:-1","max-image-preview":"max-image-preview:large","max-video-preview":"max-video-preview:-1"},"canonical":"https:\/\/umblogqualquer.com.br\/index.php\/elementor-1994\/","og_locale":"pt_BR","og_type":"article","og_title":"Editorial - Um Blog Qualquer","og_description":"Em uma defini\u00e7\u00e3o simples, um editorial nada mais \u00e9 do que um artigo publicado por um ve\u00edculo de comunica\u00e7\u00e3o &#8211; geralmente escrito pelo redator-chefe do&hellip;","og_url":"https:\/\/umblogqualquer.com.br\/index.php\/elementor-1994\/","og_site_name":"Um Blog Qualquer","article_publisher":"http:\/\/www.facebook.com\/UmBlogQualquer","article_modified_time":"2024-10-17T00:35:24+00:00","og_image":[{"width":960,"height":320,"url":"https:\/\/umblogqualquer.com.br\/wp-content\/uploads\/2024\/10\/institucional-capa_pagina-editorial_01.png","type":"image\/png"}],"twitter_card":"summary_large_image","twitter_site":"@UmBlogQualquer","twitter_misc":{"Est. tempo de leitura":"1 minuto"},"schema":{"@context":"https:\/\/schema.org","@graph":[{"@type":"WebPage","@id":"https:\/\/umblogqualquer.com.br\/index.php\/elementor-1994\/","url":"https:\/\/umblogqualquer.com.br\/index.php\/elementor-1994\/","name":"Editorial - Um Blog Qualquer","isPartOf":{"@id":"https:\/\/umblogqualquer.com.br\/#website"},"primaryImageOfPage":{"@id":"https:\/\/umblogqualquer.com.br\/index.php\/elementor-1994\/#primaryimage"},"image":{"@id":"https:\/\/umblogqualquer.com.br\/index.php\/elementor-1994\/#primaryimage"},"thumbnailUrl":"https:\/\/umblogqualquer.com.br\/wp-content\/uploads\/2024\/10\/institucional-capa_pagina-editorial_01.png","datePublished":"2020-01-19T07:02:30+00:00","dateModified":"2024-10-17T00:35:24+00:00","breadcrumb":{"@id":"https:\/\/umblogqualquer.com.br\/index.php\/elementor-1994\/#breadcrumb"},"inLanguage":"pt-BR","potentialAction":[{"@type":"ReadAction","target":["https:\/\/umblogqualquer.com.br\/index.php\/elementor-1994\/"]}]},{"@type":"ImageObject","inLanguage":"pt-BR","@id":"https:\/\/umblogqualquer.com.br\/index.php\/elementor-1994\/#primaryimage","url":"https:\/\/umblogqualquer.com.br\/wp-content\/uploads\/2024\/10\/institucional-capa_pagina-editorial_01.png","contentUrl":"https:\/\/umblogqualquer.com.br\/wp-content\/uploads\/2024\/10\/institucional-capa_pagina-editorial_01.png","width":960,"height":320},{"@type":"BreadcrumbList","@id":"https:\/\/umblogqualquer.com.br\/index.php\/elementor-1994\/#breadcrumb","itemListElement":[{"@type":"ListItem","position":1,"name":"In\u00edcio","item":"https:\/\/umblogqualquer.com.br\/"},{"@type":"ListItem","position":2,"name":"Editorial"}]},{"@type":"WebSite","@id":"https:\/\/umblogqualquer.com.br\/#website","url":"https:\/\/umblogqualquer.com.br\/","name":"Um Blog Qualquer","description":"Opini\u00e3o, Informa\u00e7\u00e3o e Entretenimento","publisher":{"@id":"https:\/\/umblogqualquer.com.br\/#organization"},"potentialAction":[{"@type":"SearchAction","target":{"@type":"EntryPoint","urlTemplate":"https:\/\/umblogqualquer.com.br\/?s={search_term_string}"},"query-input":{"@type":"PropertyValueSpecification","valueRequired":true,"valueName":"search_term_string"}}],"inLanguage":"pt-BR"},{"@type":"Organization","@id":"https:\/\/umblogqualquer.com.br\/#organization","name":"Um Blog QUalquer","url":"https:\/\/umblogqualquer.com.br\/","logo":{"@type":"ImageObject","inLanguage":"pt-BR","@id":"https:\/\/umblogqualquer.com.br\/#\/schema\/logo\/image\/","url":"https:\/\/umblogqualquer.com.br\/wp-content\/uploads\/2022\/06\/perfil-id-um-blog-qualquer.png","contentUrl":"https:\/\/umblogqualquer.com.br\/wp-content\/uploads\/2022\/06\/perfil-id-um-blog-qualquer.png","width":1200,"height":1200,"caption":"Um Blog QUalquer"},"image":{"@id":"https:\/\/umblogqualquer.com.br\/#\/schema\/logo\/image\/"},"sameAs":["http:\/\/www.facebook.com\/UmBlogQualquer","https:\/\/x.com\/UmBlogQualquer","http:\/\/www.instagram.com\/1blogqualquer","http:\/\/www.youtube.com\/UmBlogQualquer"]}]}},"_links":{"self":[{"href":"https:\/\/umblogqualquer.com.br\/index.php\/wp-json\/wp\/v2\/pages\/1994","targetHints":{"allow":["GET"]}}],"collection":[{"href":"https:\/\/umblogqualquer.com.br\/index.php\/wp-json\/wp\/v2\/pages"}],"about":[{"href":"https:\/\/umblogqualquer.com.br\/index.php\/wp-json\/wp\/v2\/types\/page"}],"author":[{"embeddable":true,"href":"https:\/\/umblogqualquer.com.br\/index.php\/wp-json\/wp\/v2\/users\/2"}],"replies":[{"embeddable":true,"href":"https:\/\/umblogqualquer.com.br\/index.php\/wp-json\/wp\/v2\/comments?post=1994"}],"version-history":[{"count":30,"href":"https:\/\/umblogqualquer.com.br\/index.php\/wp-json\/wp\/v2\/pages\/1994\/revisions"}],"predecessor-version":[{"id":8129,"href":"https:\/\/umblogqualquer.com.br\/index.php\/wp-json\/wp\/v2\/pages\/1994\/revisions\/8129"}],"wp:attachment":[{"href":"https:\/\/umblogqualquer.com.br\/index.php\/wp-json\/wp\/v2\/media?parent=1994"}],"curies":[{"name":"wp","href":"https:\/\/api.w.org\/{rel}","templated":true}]}}