{"id":2600,"date":"2020-05-15T06:55:36","date_gmt":"2020-05-15T09:55:36","guid":{"rendered":"https:\/\/umblogqualquer.com.br\/?page_id=2600"},"modified":"2026-03-28T23:06:05","modified_gmt":"2026-03-29T02:06:05","slug":"podcasts","status":"publish","type":"page","link":"https:\/\/umblogqualquer.com.br\/index.php\/podcasts\/","title":{"rendered":"Podcasts"},"content":{"rendered":"\t\t<div data-elementor-type=\"wp-page\" data-elementor-id=\"2600\" class=\"elementor elementor-2600\">\n\t\t\t\t\t\t<section class=\"elementor-section elementor-top-section elementor-element elementor-element-5ac6e62 elementor-section-boxed elementor-section-height-default elementor-section-height-default\" data-id=\"5ac6e62\" data-element_type=\"section\" data-e-type=\"section\">\n\t\t\t\t\t\t<div class=\"elementor-container elementor-column-gap-default\">\n\t\t\t\t\t<div class=\"elementor-column elementor-col-100 elementor-top-column elementor-element elementor-element-179efeb\" data-id=\"179efeb\" data-element_type=\"column\" data-e-type=\"column\">\n\t\t\t<div class=\"elementor-widget-wrap elementor-element-populated\">\n\t\t\t\t\t\t<div class=\"elementor-element elementor-element-739e747 elementor-widget elementor-widget-image\" data-id=\"739e747\" data-element_type=\"widget\" data-e-type=\"widget\" data-widget_type=\"image.default\">\n\t\t\t\t<div class=\"elementor-widget-container\">\n\t\t\t\t\t\t\t\t\t\t\t\t\t\t\t<img fetchpriority=\"high\" decoding=\"async\" width=\"843\" height=\"281\" src=\"https:\/\/umblogqualquer.com.br\/wp-content\/uploads\/2024\/10\/institucional-capa_pagina-podcast1.png\" class=\"attachment-large size-large wp-image-8172\" alt=\"\" srcset=\"https:\/\/umblogqualquer.com.br\/wp-content\/uploads\/2024\/10\/institucional-capa_pagina-podcast1.png 960w, https:\/\/umblogqualquer.com.br\/wp-content\/uploads\/2024\/10\/institucional-capa_pagina-podcast1-300x100.png 300w, https:\/\/umblogqualquer.com.br\/wp-content\/uploads\/2024\/10\/institucional-capa_pagina-podcast1-768x256.png 768w\" sizes=\"(max-width: 843px) 100vw, 843px\" \/>\t\t\t\t\t\t\t\t\t\t\t\t\t\t\t<\/div>\n\t\t\t\t<\/div>\n\t\t\t\t\t<\/div>\n\t\t<\/div>\n\t\t\t\t\t<\/div>\n\t\t<\/section>\n\t\t\t\t<section class=\"elementor-section elementor-top-section elementor-element elementor-element-1afdefd elementor-section-boxed elementor-section-height-default elementor-section-height-default\" data-id=\"1afdefd\" data-element_type=\"section\" data-e-type=\"section\">\n\t\t\t\t\t\t<div class=\"elementor-container elementor-column-gap-default\">\n\t\t\t\t\t<div class=\"elementor-column elementor-col-100 elementor-top-column elementor-element elementor-element-56158135\" data-id=\"56158135\" data-element_type=\"column\" data-e-type=\"column\">\n\t\t\t<div class=\"elementor-widget-wrap elementor-element-populated\">\n\t\t\t\t\t\t<div class=\"elementor-element elementor-element-1637354a elementor-widget elementor-widget-text-editor\" data-id=\"1637354a\" data-element_type=\"widget\" data-e-type=\"widget\" data-widget_type=\"text-editor.default\">\n\t\t\t\t<div class=\"elementor-widget-container\">\n\t\t\t\t\t\t\t\t\t<p>Imagine a possibilidade de voc\u00ea poder publicar conte\u00fado sob demanda que pode ser acessado de um dispositivo como um smartphone, um tablet ou um computador. Em alguns casos, \u00e9 poss\u00edvel acessar at\u00e9 mesmo de TV&#8217;s inteligentes ou ainda dispositivos de gerenciamento digital, como o Google Nest ou Amazon Echo.<\/p><p>Imagine ainda que voc\u00ea pode assinar este conte\u00fado e ouvir no momento mais conveniente para voc\u00ea: no tr\u00e2nsito para o trabalho ou faculdade, durante uma atividade esportiva, na cama antes de dormir&#8230; ou at\u00e9 mesmo lavando lou\u00e7a, ou quem sabe durante uma viagem por aplicativo?<\/p><p>E tudo isso que s\u00f3 o charme da r\u00e1dio trazia para voc\u00ea. Isso \u00e9 &#8211; em nossa vis\u00e3o &#8211; a estrutura do Podcast: um conte\u00fado em \u00e1udio (ou audiovisual) que \u00e9 distribu\u00eddo por meios digitais e que pode ser acessado sob demanda.<\/p><p>A hist\u00f3ria dos podcasts remonta ao ano de 2004 quando surgiam os primeiros agregadores de conte\u00fados. Aqui no Brasil a podosfera deu seus primeiros passos em 21 de outubro de 2004 com o lan\u00e7amento do &#8220;Digital Minds&#8221;. E desde 2010 somos consumidores \u00e1vidos deste conte\u00fado.\u00a0<span style=\"color: var( --e-global-color-text ); font-family: var( --e-global-typography-text-font-family ), Sans-serif; font-weight: var( --e-global-typography-text-font-weight );\">Mas foi s\u00f3 em 2016 que a Podosfera come\u00e7ou a ganhar espa\u00e7o aqui no UBQ. Primeiro com nossa participa\u00e7\u00e3o no podcast <\/span><strong style=\"color: var( --e-global-color-text ); font-family: var( --e-global-typography-text-font-family ), Sans-serif;\"><em>&#8220;Pod\u00e1stico&#8221;<\/em><\/strong><span style=\"color: var( --e-global-color-text ); font-family: var( --e-global-typography-text-font-family ), Sans-serif; font-weight: var( --e-global-typography-text-font-weight );\">, produzido pelo jornalista Carlos Aros, o cr\u00edtico de cinema Miguel Forlin e o editor do UBQ, Ricardo Marques.<\/span><\/p><p>O Pod\u00e1stico teve vida relativamente curta&#8230; foram 23 epis\u00f3dios. E deixou muita saudade. Posteriormente, surgiu em Outubro de 2017 o podcast <em><strong>&#8220;Um Papo Qualquer&#8221;<\/strong><\/em>, a voz do UBQ na podosfera. E contou com a participa\u00e7\u00e3o de grandes nomes, sejam como convidados, ou como apresentadores.<\/p><p>Assim, com sua proposta de estar presente em todas as m\u00eddias digitais, o UBQ tamb\u00e9m est\u00e1 muito bem representado na podosfera. E voc\u00ea encontra o nosso podcast nas principais plataformas digiais: Spotify, Deezer, iTunes, Amazon Music e muitos outros servi\u00e7os.<\/p><p>Em 2023, al\u00e9m da vers\u00e3o em \u00e1udio come\u00e7amos a publicar as grava\u00e7\u00f5es ao vivo em lives que s\u00e3o publicadas em nosso canal do YouTube e tamb\u00e9m no nosso canal da Twitch. Posteriormente, estas lives s\u00e3o editadas e publicadas em nosso feed.<\/p>\t\t\t\t\t\t\t\t<\/div>\n\t\t\t\t<\/div>\n\t\t\t\t\t<\/div>\n\t\t<\/div>\n\t\t\t\t\t<\/div>\n\t\t<\/section>\n\t\t\t\t<section class=\"elementor-section elementor-top-section elementor-element elementor-element-8999eab elementor-section-boxed elementor-section-height-default elementor-section-height-default\" data-id=\"8999eab\" data-element_type=\"section\" data-e-type=\"section\">\n\t\t\t\t\t\t<div class=\"elementor-container elementor-column-gap-default\">\n\t\t\t\t\t<div class=\"elementor-column elementor-col-50 elementor-top-column elementor-element elementor-element-841106e\" data-id=\"841106e\" data-element_type=\"column\" data-e-type=\"column\">\n\t\t\t<div class=\"elementor-widget-wrap elementor-element-populated\">\n\t\t\t\t\t\t<div class=\"elementor-element elementor-element-1ab7358 elementor-widget elementor-widget-image\" data-id=\"1ab7358\" data-element_type=\"widget\" data-e-type=\"widget\" data-widget_type=\"image.default\">\n\t\t\t\t<div class=\"elementor-widget-container\">\n\t\t\t\t\t\t\t\t\t\t\t\t<figure class=\"wp-caption\">\n\t\t\t\t\t\t\t\t\t\t\t<a href=\"https:\/\/rss.com\/podcasts\/um-papo-qualquer\/?_gl=1%2aa6vprl%2a_gcl_au%2aNDQzNzAzMjU5LjE3NzQ3MzQ1MDU.\" target=\"_blank\">\n\t\t\t\t\t\t\t<img decoding=\"async\" width=\"843\" height=\"843\" src=\"https:\/\/umblogqualquer.com.br\/wp-content\/uploads\/2026\/03\/logotipo_gemini.png\" class=\"attachment-large size-large wp-image-8627\" alt=\"\" srcset=\"https:\/\/umblogqualquer.com.br\/wp-content\/uploads\/2026\/03\/logotipo_gemini.png 1024w, https:\/\/umblogqualquer.com.br\/wp-content\/uploads\/2026\/03\/logotipo_gemini-300x300.png 300w, https:\/\/umblogqualquer.com.br\/wp-content\/uploads\/2026\/03\/logotipo_gemini-150x150.png 150w, https:\/\/umblogqualquer.com.br\/wp-content\/uploads\/2026\/03\/logotipo_gemini-768x768.png 768w\" sizes=\"(max-width: 843px) 100vw, 843px\" \/>\t\t\t\t\t\t\t\t<\/a>\n\t\t\t\t\t\t\t\t\t\t\t<figcaption class=\"widget-image-caption wp-caption-text\">Podcast Um Papo Qualquer<\/figcaption>\n\t\t\t\t\t\t\t\t\t\t<\/figure>\n\t\t\t\t\t\t\t\t\t<\/div>\n\t\t\t\t<\/div>\n\t\t\t\t\t<\/div>\n\t\t<\/div>\n\t\t\t\t<div class=\"elementor-column elementor-col-50 elementor-top-column elementor-element elementor-element-5e033ca\" data-id=\"5e033ca\" data-element_type=\"column\" data-e-type=\"column\">\n\t\t\t<div class=\"elementor-widget-wrap elementor-element-populated\">\n\t\t\t\t\t\t<div class=\"elementor-element elementor-element-a5f40cc elementor-widget elementor-widget-text-editor\" data-id=\"a5f40cc\" data-element_type=\"widget\" data-e-type=\"widget\" data-widget_type=\"text-editor.default\">\n\t\t\t\t<div class=\"elementor-widget-container\">\n\t\t\t\t\t\t\t\t\t<p><strong>Cria\u00e7\u00e3o:<\/strong> 2017 por Ricardo Marques e Recriado em 2026 por Ricardo Marques<br \/><strong>Status: <\/strong>Publicado<strong><br \/>G\u00eanero:<\/strong> Cultura Digital e Entretenimento<br \/><strong>Apresenta\u00e7\u00e3o:<\/strong> Ricardo Marques, Michel Vieira e convidados<br \/><strong>Hospedagem:<\/strong> <a href=\"https:\/\/rss.com\/podcasts\/um-papo-qualquer\/?_gl=1%2aa6vprl%2a_gcl_au%2aNDQzNzAzMjU5LjE3NzQ3MzQ1MDU.\">RSS.com<\/a><br \/>Disponibilidade: <a href=\"https:\/\/media.rss.com\/um-papo-qualquer\/feed.xml\">RSS em seu agregador favorito<\/a>.<\/p>\t\t\t\t\t\t\t\t<\/div>\n\t\t\t\t<\/div>\n\t\t\t\t\t<\/div>\n\t\t<\/div>\n\t\t\t\t\t<\/div>\n\t\t<\/section>\n\t\t\t\t<section class=\"elementor-section elementor-top-section elementor-element elementor-element-44c241e elementor-section-boxed elementor-section-height-default elementor-section-height-default\" data-id=\"44c241e\" data-element_type=\"section\" data-e-type=\"section\">\n\t\t\t\t\t\t<div class=\"elementor-container elementor-column-gap-default\">\n\t\t\t\t\t<div class=\"elementor-column elementor-col-50 elementor-top-column elementor-element elementor-element-6b6ccd9\" data-id=\"6b6ccd9\" data-element_type=\"column\" data-e-type=\"column\">\n\t\t\t<div class=\"elementor-widget-wrap elementor-element-populated\">\n\t\t\t\t\t\t<div class=\"elementor-element elementor-element-4e779ec elementor-widget elementor-widget-image\" data-id=\"4e779ec\" data-element_type=\"widget\" data-e-type=\"widget\" data-widget_type=\"image.default\">\n\t\t\t\t<div class=\"elementor-widget-container\">\n\t\t\t\t\t\t\t\t\t\t\t\t<figure class=\"wp-caption\">\n\t\t\t\t\t\t\t\t\t\t\t<a href=\"https:\/\/open.spotify.com\/show\/0hOQovSaSTXRaE1w5L5uj5\" target=\"_blank\">\n\t\t\t\t\t\t\t<img decoding=\"async\" width=\"843\" height=\"843\" src=\"https:\/\/umblogqualquer.com.br\/wp-content\/uploads\/2024\/10\/selo-podastico-1024x1024.png\" class=\"attachment-large size-large wp-image-8158\" alt=\"\" srcset=\"https:\/\/umblogqualquer.com.br\/wp-content\/uploads\/2024\/10\/selo-podastico-1024x1024.png 1024w, https:\/\/umblogqualquer.com.br\/wp-content\/uploads\/2024\/10\/selo-podastico-300x300.png 300w, https:\/\/umblogqualquer.com.br\/wp-content\/uploads\/2024\/10\/selo-podastico-150x150.png 150w, https:\/\/umblogqualquer.com.br\/wp-content\/uploads\/2024\/10\/selo-podastico-768x768.png 768w, https:\/\/umblogqualquer.com.br\/wp-content\/uploads\/2024\/10\/selo-podastico-1536x1536.png 1536w, https:\/\/umblogqualquer.com.br\/wp-content\/uploads\/2024\/10\/selo-podastico.png 1671w\" sizes=\"(max-width: 843px) 100vw, 843px\" \/>\t\t\t\t\t\t\t\t<\/a>\n\t\t\t\t\t\t\t\t\t\t\t<figcaption class=\"widget-image-caption wp-caption-text\">Podcast Pod\u00e1stico - A Seriedade no Pitaco<\/figcaption>\n\t\t\t\t\t\t\t\t\t\t<\/figure>\n\t\t\t\t\t\t\t\t\t<\/div>\n\t\t\t\t<\/div>\n\t\t\t\t\t<\/div>\n\t\t<\/div>\n\t\t\t\t<div class=\"elementor-column elementor-col-50 elementor-top-column elementor-element elementor-element-634bf48\" data-id=\"634bf48\" data-element_type=\"column\" data-e-type=\"column\">\n\t\t\t<div class=\"elementor-widget-wrap elementor-element-populated\">\n\t\t\t\t\t\t<div class=\"elementor-element elementor-element-d05d492 elementor-widget elementor-widget-text-editor\" data-id=\"d05d492\" data-element_type=\"widget\" data-e-type=\"widget\" data-widget_type=\"text-editor.default\">\n\t\t\t\t<div class=\"elementor-widget-container\">\n\t\t\t\t\t\t\t\t\t<p><strong>Cria\u00e7\u00e3o:<\/strong> 2016 por Carlos Aros, Miguel Forlin e Ricardo Marques<br \/><strong>Status:<\/strong> Encerrado<br \/><strong>G\u00eanero:<\/strong> Entretenimento<br \/><strong>Apresenta\u00e7\u00e3o:<\/strong> Carlos Aros, Miguel Forlin e Ricardo Marques<br \/><strong>Hospedagem:<\/strong> Spotify for Podcasters<br \/>Disponibilidade: \u00a0<a href=\"https:\/\/open.spotify.com\/show\/0hOQovSaSTXRaE1w5L5uj5\">Spotify<\/a> ou <a href=\"https:\/\/anchor.fm\/s\/fcd0bc34\/podcast\/rss\">RSS em seu agregador favorito<\/a>.<\/p>\t\t\t\t\t\t\t\t<\/div>\n\t\t\t\t<\/div>\n\t\t\t\t\t<\/div>\n\t\t<\/div>\n\t\t\t\t\t<\/div>\n\t\t<\/section>\n\t\t\t\t<\/div>\n\t\t","protected":false},"excerpt":{"rendered":"<p>Imagine a possibilidade de voc\u00ea poder publicar conte\u00fado sob demanda que pode ser acessado de um dispositivo como um smartphone, um tablet ou um computador.&hellip;<\/p>\n","protected":false},"author":2,"featured_media":0,"parent":0,"menu_order":0,"comment_status":"closed","ping_status":"closed","template":"","meta":{"rop_custom_images_group":[],"rop_custom_messages_group":[],"rop_publish_now":"initial","rop_publish_now_accounts":{"twitter_2267886176_2267886176":"","facebook_6260826503938377_535350576571812":""},"rop_publish_now_history":[],"rop_publish_now_status":"pending","_monsterinsights_skip_tracking":false,"_monsterinsights_sitenote_active":false,"_monsterinsights_sitenote_note":"","_monsterinsights_sitenote_category":0,"footnotes":""},"class_list":["post-2600","page","type-page","status-publish","hentry"],"yoast_head":"<!-- This site is optimized with the Yoast SEO plugin v27.0 - https:\/\/yoast.com\/product\/yoast-seo-wordpress\/ -->\n<title>Podcasts - Um Blog Qualquer<\/title>\n<meta name=\"robots\" content=\"index, follow, max-snippet:-1, max-image-preview:large, max-video-preview:-1\" \/>\n<link rel=\"canonical\" href=\"https:\/\/umblogqualquer.com.br\/index.php\/podcasts\/\" \/>\n<meta property=\"og:locale\" content=\"pt_BR\" \/>\n<meta property=\"og:type\" content=\"article\" \/>\n<meta property=\"og:title\" content=\"Podcasts - Um Blog Qualquer\" \/>\n<meta property=\"og:description\" content=\"Imagine a possibilidade de voc\u00ea poder publicar conte\u00fado sob demanda que pode ser acessado de um dispositivo como um smartphone, um tablet ou um computador.&hellip;\" \/>\n<meta property=\"og:url\" content=\"https:\/\/umblogqualquer.com.br\/index.php\/podcasts\/\" \/>\n<meta property=\"og:site_name\" content=\"Um Blog Qualquer\" \/>\n<meta property=\"article:publisher\" content=\"http:\/\/www.facebook.com\/UmBlogQualquer\" \/>\n<meta property=\"article:modified_time\" content=\"2026-03-29T02:06:05+00:00\" \/>\n<meta property=\"og:image\" content=\"https:\/\/umblogqualquer.com.br\/wp-content\/uploads\/2024\/10\/institucional-capa_pagina-podcast1.png\" \/>\n\t<meta property=\"og:image:width\" content=\"960\" \/>\n\t<meta property=\"og:image:height\" content=\"320\" \/>\n\t<meta property=\"og:image:type\" content=\"image\/png\" \/>\n<meta name=\"twitter:card\" content=\"summary_large_image\" \/>\n<meta name=\"twitter:site\" content=\"@UmBlogQualquer\" \/>\n<meta name=\"twitter:label1\" content=\"Est. tempo de leitura\" \/>\n\t<meta name=\"twitter:data1\" content=\"3 minutos\" \/>\n<script type=\"application\/ld+json\" class=\"yoast-schema-graph\">{\"@context\":\"https:\/\/schema.org\",\"@graph\":[{\"@type\":\"WebPage\",\"@id\":\"https:\/\/umblogqualquer.com.br\/index.php\/podcasts\/\",\"url\":\"https:\/\/umblogqualquer.com.br\/index.php\/podcasts\/\",\"name\":\"Podcasts - Um Blog Qualquer\",\"isPartOf\":{\"@id\":\"https:\/\/umblogqualquer.com.br\/#website\"},\"primaryImageOfPage\":{\"@id\":\"https:\/\/umblogqualquer.com.br\/index.php\/podcasts\/#primaryimage\"},\"image\":{\"@id\":\"https:\/\/umblogqualquer.com.br\/index.php\/podcasts\/#primaryimage\"},\"thumbnailUrl\":\"https:\/\/umblogqualquer.com.br\/wp-content\/uploads\/2024\/10\/institucional-capa_pagina-podcast1.png\",\"datePublished\":\"2020-05-15T09:55:36+00:00\",\"dateModified\":\"2026-03-29T02:06:05+00:00\",\"breadcrumb\":{\"@id\":\"https:\/\/umblogqualquer.com.br\/index.php\/podcasts\/#breadcrumb\"},\"inLanguage\":\"pt-BR\",\"potentialAction\":[{\"@type\":\"ReadAction\",\"target\":[\"https:\/\/umblogqualquer.com.br\/index.php\/podcasts\/\"]}]},{\"@type\":\"ImageObject\",\"inLanguage\":\"pt-BR\",\"@id\":\"https:\/\/umblogqualquer.com.br\/index.php\/podcasts\/#primaryimage\",\"url\":\"https:\/\/umblogqualquer.com.br\/wp-content\/uploads\/2024\/10\/institucional-capa_pagina-podcast1.png\",\"contentUrl\":\"https:\/\/umblogqualquer.com.br\/wp-content\/uploads\/2024\/10\/institucional-capa_pagina-podcast1.png\",\"width\":960,\"height\":320},{\"@type\":\"BreadcrumbList\",\"@id\":\"https:\/\/umblogqualquer.com.br\/index.php\/podcasts\/#breadcrumb\",\"itemListElement\":[{\"@type\":\"ListItem\",\"position\":1,\"name\":\"In\u00edcio\",\"item\":\"https:\/\/umblogqualquer.com.br\/\"},{\"@type\":\"ListItem\",\"position\":2,\"name\":\"Podcasts\"}]},{\"@type\":\"WebSite\",\"@id\":\"https:\/\/umblogqualquer.com.br\/#website\",\"url\":\"https:\/\/umblogqualquer.com.br\/\",\"name\":\"Um Blog Qualquer\",\"description\":\"Opini\u00e3o, Informa\u00e7\u00e3o e Entretenimento\",\"publisher\":{\"@id\":\"https:\/\/umblogqualquer.com.br\/#organization\"},\"potentialAction\":[{\"@type\":\"SearchAction\",\"target\":{\"@type\":\"EntryPoint\",\"urlTemplate\":\"https:\/\/umblogqualquer.com.br\/?s={search_term_string}\"},\"query-input\":{\"@type\":\"PropertyValueSpecification\",\"valueRequired\":true,\"valueName\":\"search_term_string\"}}],\"inLanguage\":\"pt-BR\"},{\"@type\":\"Organization\",\"@id\":\"https:\/\/umblogqualquer.com.br\/#organization\",\"name\":\"Um Blog QUalquer\",\"url\":\"https:\/\/umblogqualquer.com.br\/\",\"logo\":{\"@type\":\"ImageObject\",\"inLanguage\":\"pt-BR\",\"@id\":\"https:\/\/umblogqualquer.com.br\/#\/schema\/logo\/image\/\",\"url\":\"https:\/\/umblogqualquer.com.br\/wp-content\/uploads\/2022\/06\/perfil-id-um-blog-qualquer.png\",\"contentUrl\":\"https:\/\/umblogqualquer.com.br\/wp-content\/uploads\/2022\/06\/perfil-id-um-blog-qualquer.png\",\"width\":1200,\"height\":1200,\"caption\":\"Um Blog QUalquer\"},\"image\":{\"@id\":\"https:\/\/umblogqualquer.com.br\/#\/schema\/logo\/image\/\"},\"sameAs\":[\"http:\/\/www.facebook.com\/UmBlogQualquer\",\"https:\/\/x.com\/UmBlogQualquer\",\"http:\/\/www.instagram.com\/1blogqualquer\",\"http:\/\/www.youtube.com\/UmBlogQualquer\"]}]}<\/script>\n<!-- \/ Yoast SEO plugin. -->","yoast_head_json":{"title":"Podcasts - Um Blog Qualquer","robots":{"index":"index","follow":"follow","max-snippet":"max-snippet:-1","max-image-preview":"max-image-preview:large","max-video-preview":"max-video-preview:-1"},"canonical":"https:\/\/umblogqualquer.com.br\/index.php\/podcasts\/","og_locale":"pt_BR","og_type":"article","og_title":"Podcasts - Um Blog Qualquer","og_description":"Imagine a possibilidade de voc\u00ea poder publicar conte\u00fado sob demanda que pode ser acessado de um dispositivo como um smartphone, um tablet ou um computador.&hellip;","og_url":"https:\/\/umblogqualquer.com.br\/index.php\/podcasts\/","og_site_name":"Um Blog Qualquer","article_publisher":"http:\/\/www.facebook.com\/UmBlogQualquer","article_modified_time":"2026-03-29T02:06:05+00:00","og_image":[{"width":960,"height":320,"url":"https:\/\/umblogqualquer.com.br\/wp-content\/uploads\/2024\/10\/institucional-capa_pagina-podcast1.png","type":"image\/png"}],"twitter_card":"summary_large_image","twitter_site":"@UmBlogQualquer","twitter_misc":{"Est. tempo de leitura":"3 minutos"},"schema":{"@context":"https:\/\/schema.org","@graph":[{"@type":"WebPage","@id":"https:\/\/umblogqualquer.com.br\/index.php\/podcasts\/","url":"https:\/\/umblogqualquer.com.br\/index.php\/podcasts\/","name":"Podcasts - Um Blog Qualquer","isPartOf":{"@id":"https:\/\/umblogqualquer.com.br\/#website"},"primaryImageOfPage":{"@id":"https:\/\/umblogqualquer.com.br\/index.php\/podcasts\/#primaryimage"},"image":{"@id":"https:\/\/umblogqualquer.com.br\/index.php\/podcasts\/#primaryimage"},"thumbnailUrl":"https:\/\/umblogqualquer.com.br\/wp-content\/uploads\/2024\/10\/institucional-capa_pagina-podcast1.png","datePublished":"2020-05-15T09:55:36+00:00","dateModified":"2026-03-29T02:06:05+00:00","breadcrumb":{"@id":"https:\/\/umblogqualquer.com.br\/index.php\/podcasts\/#breadcrumb"},"inLanguage":"pt-BR","potentialAction":[{"@type":"ReadAction","target":["https:\/\/umblogqualquer.com.br\/index.php\/podcasts\/"]}]},{"@type":"ImageObject","inLanguage":"pt-BR","@id":"https:\/\/umblogqualquer.com.br\/index.php\/podcasts\/#primaryimage","url":"https:\/\/umblogqualquer.com.br\/wp-content\/uploads\/2024\/10\/institucional-capa_pagina-podcast1.png","contentUrl":"https:\/\/umblogqualquer.com.br\/wp-content\/uploads\/2024\/10\/institucional-capa_pagina-podcast1.png","width":960,"height":320},{"@type":"BreadcrumbList","@id":"https:\/\/umblogqualquer.com.br\/index.php\/podcasts\/#breadcrumb","itemListElement":[{"@type":"ListItem","position":1,"name":"In\u00edcio","item":"https:\/\/umblogqualquer.com.br\/"},{"@type":"ListItem","position":2,"name":"Podcasts"}]},{"@type":"WebSite","@id":"https:\/\/umblogqualquer.com.br\/#website","url":"https:\/\/umblogqualquer.com.br\/","name":"Um Blog Qualquer","description":"Opini\u00e3o, Informa\u00e7\u00e3o e Entretenimento","publisher":{"@id":"https:\/\/umblogqualquer.com.br\/#organization"},"potentialAction":[{"@type":"SearchAction","target":{"@type":"EntryPoint","urlTemplate":"https:\/\/umblogqualquer.com.br\/?s={search_term_string}"},"query-input":{"@type":"PropertyValueSpecification","valueRequired":true,"valueName":"search_term_string"}}],"inLanguage":"pt-BR"},{"@type":"Organization","@id":"https:\/\/umblogqualquer.com.br\/#organization","name":"Um Blog QUalquer","url":"https:\/\/umblogqualquer.com.br\/","logo":{"@type":"ImageObject","inLanguage":"pt-BR","@id":"https:\/\/umblogqualquer.com.br\/#\/schema\/logo\/image\/","url":"https:\/\/umblogqualquer.com.br\/wp-content\/uploads\/2022\/06\/perfil-id-um-blog-qualquer.png","contentUrl":"https:\/\/umblogqualquer.com.br\/wp-content\/uploads\/2022\/06\/perfil-id-um-blog-qualquer.png","width":1200,"height":1200,"caption":"Um Blog QUalquer"},"image":{"@id":"https:\/\/umblogqualquer.com.br\/#\/schema\/logo\/image\/"},"sameAs":["http:\/\/www.facebook.com\/UmBlogQualquer","https:\/\/x.com\/UmBlogQualquer","http:\/\/www.instagram.com\/1blogqualquer","http:\/\/www.youtube.com\/UmBlogQualquer"]}]}},"_links":{"self":[{"href":"https:\/\/umblogqualquer.com.br\/index.php\/wp-json\/wp\/v2\/pages\/2600","targetHints":{"allow":["GET"]}}],"collection":[{"href":"https:\/\/umblogqualquer.com.br\/index.php\/wp-json\/wp\/v2\/pages"}],"about":[{"href":"https:\/\/umblogqualquer.com.br\/index.php\/wp-json\/wp\/v2\/types\/page"}],"author":[{"embeddable":true,"href":"https:\/\/umblogqualquer.com.br\/index.php\/wp-json\/wp\/v2\/users\/2"}],"replies":[{"embeddable":true,"href":"https:\/\/umblogqualquer.com.br\/index.php\/wp-json\/wp\/v2\/comments?post=2600"}],"version-history":[{"count":46,"href":"https:\/\/umblogqualquer.com.br\/index.php\/wp-json\/wp\/v2\/pages\/2600\/revisions"}],"predecessor-version":[{"id":8630,"href":"https:\/\/umblogqualquer.com.br\/index.php\/wp-json\/wp\/v2\/pages\/2600\/revisions\/8630"}],"wp:attachment":[{"href":"https:\/\/umblogqualquer.com.br\/index.php\/wp-json\/wp\/v2\/media?parent=2600"}],"curies":[{"name":"wp","href":"https:\/\/api.w.org\/{rel}","templated":true}]}}