{"id":2678,"date":"2020-05-19T09:13:38","date_gmt":"2020-05-19T12:13:38","guid":{"rendered":"https:\/\/umblogqualquer.com.br\/?page_id=2678"},"modified":"2026-04-21T20:30:03","modified_gmt":"2026-04-21T23:30:03","slug":"media-kit","status":"publish","type":"page","link":"https:\/\/umblogqualquer.com.br\/index.php\/media-kit\/","title":{"rendered":"M\u00eddia Kit"},"content":{"rendered":"\t\t<div data-elementor-type=\"wp-page\" data-elementor-id=\"2678\" class=\"elementor elementor-2678\">\n\t\t\t\t\t\t<section class=\"elementor-section elementor-top-section elementor-element elementor-element-32e69ef2 elementor-section-boxed elementor-section-height-default elementor-section-height-default\" data-id=\"32e69ef2\" data-element_type=\"section\" data-e-type=\"section\">\n\t\t\t\t\t\t<div class=\"elementor-container elementor-column-gap-default\">\n\t\t\t\t\t<div class=\"elementor-column elementor-col-100 elementor-top-column elementor-element elementor-element-4a0a2f0\" data-id=\"4a0a2f0\" data-element_type=\"column\" data-e-type=\"column\">\n\t\t\t<div class=\"elementor-widget-wrap elementor-element-populated\">\n\t\t\t\t\t\t<div class=\"elementor-element elementor-element-bb57d7e elementor-widget elementor-widget-image\" data-id=\"bb57d7e\" data-element_type=\"widget\" data-e-type=\"widget\" data-widget_type=\"image.default\">\n\t\t\t\t<div class=\"elementor-widget-container\">\n\t\t\t\t\t\t\t\t\t\t\t\t\t\t\t<img fetchpriority=\"high\" decoding=\"async\" width=\"843\" height=\"281\" src=\"https:\/\/umblogqualquer.com.br\/wp-content\/uploads\/2024\/10\/institucional-capa_pagina-midia-kit.png\" class=\"attachment-large size-large wp-image-8233\" alt=\"\" srcset=\"https:\/\/umblogqualquer.com.br\/wp-content\/uploads\/2024\/10\/institucional-capa_pagina-midia-kit.png 960w, https:\/\/umblogqualquer.com.br\/wp-content\/uploads\/2024\/10\/institucional-capa_pagina-midia-kit-300x100.png 300w, https:\/\/umblogqualquer.com.br\/wp-content\/uploads\/2024\/10\/institucional-capa_pagina-midia-kit-768x256.png 768w\" sizes=\"(max-width: 843px) 100vw, 843px\" \/>\t\t\t\t\t\t\t\t\t\t\t\t\t\t\t<\/div>\n\t\t\t\t<\/div>\n\t\t\t\t<div class=\"elementor-element elementor-element-32e409e elementor-widget elementor-widget-heading\" data-id=\"32e409e\" data-element_type=\"widget\" data-e-type=\"widget\" data-widget_type=\"heading.default\">\n\t\t\t\t<div class=\"elementor-widget-container\">\n\t\t\t\t\t<h2 class=\"elementor-heading-title elementor-size-default\">O ve\u00edculo UBQ<\/h2>\t\t\t\t<\/div>\n\t\t\t\t<\/div>\n\t\t\t\t<div class=\"elementor-element elementor-element-2951a25 elementor-widget elementor-widget-text-editor\" data-id=\"2951a25\" data-element_type=\"widget\" data-e-type=\"widget\" data-widget_type=\"text-editor.default\">\n\t\t\t\t<div class=\"elementor-widget-container\">\n\t\t\t\t\t\t\t\t\t<p>Criado em 2009, o UBQ \u00e9 um site voltado \u00e0 abordagem de temas relacionados \u00e0 cultura digital, publicando conte\u00fados relacionados a tecnologia, comportamento social, an\u00e1lises\/resenhas de produtos, al\u00e9m de conte\u00fados de m\u00eddias como filmes, s\u00e9ries de TV, livros e outros meios de entretenimento.<\/p>\n<p>Fundado por Ricardo Marques com o objetivo de ser um complemento ao seu conte\u00fado t\u00e9cnico, o UBQ cresceu e ganhou sua pr\u00f3pria identidade e conte\u00fados. Surgiram novos colaboradores e posteriormente uma equipe de reda\u00e7\u00e3o.<\/p>\n<p>E surgiram tamb\u00e9m outros meios de publica\u00e7\u00e3o dos nossos conte\u00fados, como o podcast e o canal de v\u00eddeos. Atualmente, o UBQ trabalha com a publica\u00e7\u00e3o de artigos em seu site, produ\u00e7\u00e3o de podcasts e produ\u00e7\u00e3o de v\u00eddeos para o YouTube. Tamb\u00e9m estamos presentes nas redes sociais para divulga\u00e7\u00e3o de nosso conte\u00fado: Facebook, Instagram e Twitter.<\/p>\t\t\t\t\t\t\t\t<\/div>\n\t\t\t\t<\/div>\n\t\t\t\t<div class=\"elementor-element elementor-element-349f621 elementor-widget elementor-widget-heading\" data-id=\"349f621\" data-element_type=\"widget\" data-e-type=\"widget\" data-widget_type=\"heading.default\">\n\t\t\t\t<div class=\"elementor-widget-container\">\n\t\t\t\t\t<h2 class=\"elementor-heading-title elementor-size-default\">A equipe do UBQ<\/h2>\t\t\t\t<\/div>\n\t\t\t\t<\/div>\n\t\t\t\t<div class=\"elementor-element elementor-element-29f1153 elementor-widget elementor-widget-text-editor\" data-id=\"29f1153\" data-element_type=\"widget\" data-e-type=\"widget\" data-widget_type=\"text-editor.default\">\n\t\t\t\t<div class=\"elementor-widget-container\">\n\t\t\t\t\t\t\t\t\t<p>O UBQ \u00e9 formado por uma equipe de profissionais de diversas \u00e1reas, mas com grande interesse em comunica\u00e7\u00e3o social. A equipe trabalha prioritariamente em ambiente de home office e a centraliza\u00e7\u00e3o dos trabalhos se d\u00e1 na cidade de S\u00e3o Paulo\/SP.<\/p>\t\t\t\t\t\t\t\t<\/div>\n\t\t\t\t<\/div>\n\t\t\t\t<div class=\"elementor-element elementor-element-77cc4cd elementor-widget elementor-widget-heading\" data-id=\"77cc4cd\" data-element_type=\"widget\" data-e-type=\"widget\" data-widget_type=\"heading.default\">\n\t\t\t\t<div class=\"elementor-widget-container\">\n\t\t\t\t\t<h2 class=\"elementor-heading-title elementor-size-default\">Nossas editorias<\/h2>\t\t\t\t<\/div>\n\t\t\t\t<\/div>\n\t\t\t\t<div class=\"elementor-element elementor-element-4004163 elementor-widget elementor-widget-text-editor\" data-id=\"4004163\" data-element_type=\"widget\" data-e-type=\"widget\" data-widget_type=\"text-editor.default\">\n\t\t\t\t<div class=\"elementor-widget-container\">\n\t\t\t\t\t\t\t\t\t<p>O UBQ organiza a produ\u00e7\u00e3o de seus conte\u00fados observando seus pilares criativos: <strong>informa\u00e7\u00e3o, <\/strong><strong>opini\u00e3o<\/strong> e o <strong>entretenimento<\/strong>. Dentro destes pilares, criamos editorias espec\u00edficas para cada tema&#8230; assim, nosso conte\u00fado fica mais abrangente e ao mesmo devidamente segmentado para cada um dos p\u00fablicos que acessam o UBQ. Al\u00e9m disso, tamb\u00e9m abrigamos no site o conte\u00fado editorial do &#8220;UBQ Investe&#8221;, espa\u00e7o dedicado para educa\u00e7\u00e3o financeira e investimentos.<\/p><p>Atualmente, temos a seguinte distribui\u00e7\u00e3o editorial:<\/p>\t\t\t\t\t\t\t\t<\/div>\n\t\t\t\t<\/div>\n\t\t\t\t<div class=\"elementor-element elementor-element-ad216b3 elementor-widget elementor-widget-text-editor\" data-id=\"ad216b3\" data-element_type=\"widget\" data-e-type=\"widget\" data-widget_type=\"text-editor.default\">\n\t\t\t\t<div class=\"elementor-widget-container\">\n\t\t\t\t\t\t\t\t\t<ul><li>Opini\u00e3o<ul><li>Editorial<\/li><li>Eventos<\/li><li>Pitacos na Pol\u00edtica<\/li><li>Pitacos na Tecnologia<\/li><li>Pitacos na Educa\u00e7\u00e3o<\/li><li>Primeiras Impress\u00f5es<\/li><\/ul><\/li><li>Informa\u00e7\u00e3o<ul><li>Aulas de Hardware<\/li><li>Tech News<\/li><li>Modos de Fazer<\/li><\/ul><\/li><li>Entretenimento<ul><li>Cr\u00f4nicas<ul><li>Amarelinhas<\/li><li>Michelices<\/li><li>Noites de Ins\u00f4nia<\/li><li>O Sujeito Oculto<\/li><li>Pap\u00e9is Avulsos<\/li><\/ul><\/li><li>M\u00eddia<ul><li>Filmes &amp; S\u00e9ries<\/li><li>Games, Cards e Boards<\/li><li>M\u00fasica (Disco da Semana)<\/li><\/ul><\/li><li>Uma Copa Qualquer<\/li><\/ul><\/li><li>O UBQ Investe<ul><li>Educa\u00e7\u00e3o Financeira<\/li><li>Investimentos<\/li><\/ul><\/li><\/ul>\t\t\t\t\t\t\t\t<\/div>\n\t\t\t\t<\/div>\n\t\t\t\t<div class=\"elementor-element elementor-element-a3bd023 elementor-widget elementor-widget-text-editor\" data-id=\"a3bd023\" data-element_type=\"widget\" data-e-type=\"widget\" data-widget_type=\"text-editor.default\">\n\t\t\t\t<div class=\"elementor-widget-container\">\n\t\t\t\t\t\t\t\t\t<p>Al\u00e9m disso, temos nossa editoria de conte\u00fados audiovisuais, com a produ\u00e7\u00e3o dos Podcasts <strong>Um Papo Qualquer<\/strong> e do canal de v\u00eddeos do\u00a0<strong>UBQ<\/strong>.<\/p><p>Estamos presente nas principais redes sociais: Facebook, Instagram,LinkedIn, X (antigo Twitter) e TikTok.<\/p>\t\t\t\t\t\t\t\t<\/div>\n\t\t\t\t<\/div>\n\t\t\t\t\t<\/div>\n\t\t<\/div>\n\t\t\t\t\t<\/div>\n\t\t<\/section>\n\t\t\t\t<\/div>\n\t\t","protected":false},"excerpt":{"rendered":"<p>O ve\u00edculo UBQ Criado em 2009, o UBQ \u00e9 um site voltado \u00e0 abordagem de temas relacionados \u00e0 cultura digital, publicando conte\u00fados relacionados a tecnologia,&hellip;<\/p>\n","protected":false},"author":2,"featured_media":0,"parent":0,"menu_order":0,"comment_status":"closed","ping_status":"closed","template":"","meta":{"rop_custom_images_group":[],"rop_custom_messages_group":[],"rop_publish_now":"initial","rop_publish_now_accounts":{"twitter_2267886176_2267886176":"","facebook_6260826503938377_535350576571812":""},"rop_publish_now_history":[],"rop_publish_now_status":"pending","_monsterinsights_skip_tracking":false,"_monsterinsights_sitenote_active":false,"_monsterinsights_sitenote_note":"","_monsterinsights_sitenote_category":0,"footnotes":""},"class_list":["post-2678","page","type-page","status-publish","hentry"],"yoast_head":"<!-- This site is optimized with the Yoast SEO plugin v27.4 - https:\/\/yoast.com\/product\/yoast-seo-wordpress\/ -->\n<title>M\u00eddia Kit - Um Blog Qualquer<\/title>\n<meta name=\"robots\" content=\"index, follow, max-snippet:-1, max-image-preview:large, max-video-preview:-1\" \/>\n<link rel=\"canonical\" href=\"https:\/\/umblogqualquer.com.br\/index.php\/media-kit\/\" \/>\n<meta property=\"og:locale\" content=\"pt_BR\" \/>\n<meta property=\"og:type\" content=\"article\" \/>\n<meta property=\"og:title\" content=\"M\u00eddia Kit - Um Blog Qualquer\" \/>\n<meta property=\"og:description\" content=\"O ve\u00edculo UBQ Criado em 2009, o UBQ \u00e9 um site voltado \u00e0 abordagem de temas relacionados \u00e0 cultura digital, publicando conte\u00fados relacionados a tecnologia,&hellip;\" \/>\n<meta property=\"og:url\" content=\"https:\/\/umblogqualquer.com.br\/index.php\/media-kit\/\" \/>\n<meta property=\"og:site_name\" content=\"Um Blog Qualquer\" \/>\n<meta property=\"article:publisher\" content=\"http:\/\/www.facebook.com\/UmBlogQualquer\" \/>\n<meta property=\"article:modified_time\" content=\"2026-04-21T23:30:03+00:00\" \/>\n<meta property=\"og:image\" content=\"https:\/\/umblogqualquer.com.br\/wp-content\/uploads\/2024\/10\/institucional-capa_pagina-midia-kit.png\" \/>\n\t<meta property=\"og:image:width\" content=\"960\" \/>\n\t<meta property=\"og:image:height\" content=\"320\" \/>\n\t<meta property=\"og:image:type\" content=\"image\/png\" \/>\n<meta name=\"twitter:card\" content=\"summary_large_image\" \/>\n<meta name=\"twitter:site\" content=\"@UmBlogQualquer\" \/>\n<meta name=\"twitter:label1\" content=\"Est. tempo de leitura\" \/>\n\t<meta name=\"twitter:data1\" content=\"3 minutos\" \/>\n<script type=\"application\/ld+json\" class=\"yoast-schema-graph\">{\"@context\":\"https:\\\/\\\/schema.org\",\"@graph\":[{\"@type\":\"WebPage\",\"@id\":\"https:\\\/\\\/umblogqualquer.com.br\\\/index.php\\\/media-kit\\\/\",\"url\":\"https:\\\/\\\/umblogqualquer.com.br\\\/index.php\\\/media-kit\\\/\",\"name\":\"M\u00eddia Kit - Um Blog Qualquer\",\"isPartOf\":{\"@id\":\"https:\\\/\\\/umblogqualquer.com.br\\\/#website\"},\"primaryImageOfPage\":{\"@id\":\"https:\\\/\\\/umblogqualquer.com.br\\\/index.php\\\/media-kit\\\/#primaryimage\"},\"image\":{\"@id\":\"https:\\\/\\\/umblogqualquer.com.br\\\/index.php\\\/media-kit\\\/#primaryimage\"},\"thumbnailUrl\":\"https:\\\/\\\/umblogqualquer.com.br\\\/wp-content\\\/uploads\\\/2024\\\/10\\\/institucional-capa_pagina-midia-kit.png\",\"datePublished\":\"2020-05-19T12:13:38+00:00\",\"dateModified\":\"2026-04-21T23:30:03+00:00\",\"breadcrumb\":{\"@id\":\"https:\\\/\\\/umblogqualquer.com.br\\\/index.php\\\/media-kit\\\/#breadcrumb\"},\"inLanguage\":\"pt-BR\",\"potentialAction\":[{\"@type\":\"ReadAction\",\"target\":[\"https:\\\/\\\/umblogqualquer.com.br\\\/index.php\\\/media-kit\\\/\"]}]},{\"@type\":\"ImageObject\",\"inLanguage\":\"pt-BR\",\"@id\":\"https:\\\/\\\/umblogqualquer.com.br\\\/index.php\\\/media-kit\\\/#primaryimage\",\"url\":\"https:\\\/\\\/umblogqualquer.com.br\\\/wp-content\\\/uploads\\\/2024\\\/10\\\/institucional-capa_pagina-midia-kit.png\",\"contentUrl\":\"https:\\\/\\\/umblogqualquer.com.br\\\/wp-content\\\/uploads\\\/2024\\\/10\\\/institucional-capa_pagina-midia-kit.png\",\"width\":960,\"height\":320},{\"@type\":\"BreadcrumbList\",\"@id\":\"https:\\\/\\\/umblogqualquer.com.br\\\/index.php\\\/media-kit\\\/#breadcrumb\",\"itemListElement\":[{\"@type\":\"ListItem\",\"position\":1,\"name\":\"In\u00edcio\",\"item\":\"https:\\\/\\\/umblogqualquer.com.br\\\/\"},{\"@type\":\"ListItem\",\"position\":2,\"name\":\"M\u00eddia Kit\"}]},{\"@type\":\"WebSite\",\"@id\":\"https:\\\/\\\/umblogqualquer.com.br\\\/#website\",\"url\":\"https:\\\/\\\/umblogqualquer.com.br\\\/\",\"name\":\"Um Blog Qualquer\",\"description\":\"Opini\u00e3o, Informa\u00e7\u00e3o e Entretenimento\",\"publisher\":{\"@id\":\"https:\\\/\\\/umblogqualquer.com.br\\\/#organization\"},\"potentialAction\":[{\"@type\":\"SearchAction\",\"target\":{\"@type\":\"EntryPoint\",\"urlTemplate\":\"https:\\\/\\\/umblogqualquer.com.br\\\/?s={search_term_string}\"},\"query-input\":{\"@type\":\"PropertyValueSpecification\",\"valueRequired\":true,\"valueName\":\"search_term_string\"}}],\"inLanguage\":\"pt-BR\"},{\"@type\":\"Organization\",\"@id\":\"https:\\\/\\\/umblogqualquer.com.br\\\/#organization\",\"name\":\"Um Blog QUalquer\",\"url\":\"https:\\\/\\\/umblogqualquer.com.br\\\/\",\"logo\":{\"@type\":\"ImageObject\",\"inLanguage\":\"pt-BR\",\"@id\":\"https:\\\/\\\/umblogqualquer.com.br\\\/#\\\/schema\\\/logo\\\/image\\\/\",\"url\":\"https:\\\/\\\/umblogqualquer.com.br\\\/wp-content\\\/uploads\\\/2022\\\/06\\\/perfil-id-um-blog-qualquer.png\",\"contentUrl\":\"https:\\\/\\\/umblogqualquer.com.br\\\/wp-content\\\/uploads\\\/2022\\\/06\\\/perfil-id-um-blog-qualquer.png\",\"width\":1200,\"height\":1200,\"caption\":\"Um Blog QUalquer\"},\"image\":{\"@id\":\"https:\\\/\\\/umblogqualquer.com.br\\\/#\\\/schema\\\/logo\\\/image\\\/\"},\"sameAs\":[\"http:\\\/\\\/www.facebook.com\\\/UmBlogQualquer\",\"https:\\\/\\\/x.com\\\/UmBlogQualquer\",\"http:\\\/\\\/www.instagram.com\\\/1blogqualquer\",\"http:\\\/\\\/www.youtube.com\\\/UmBlogQualquer\"]}]}<\/script>\n<!-- \/ Yoast SEO plugin. -->","yoast_head_json":{"title":"M\u00eddia Kit - Um Blog Qualquer","robots":{"index":"index","follow":"follow","max-snippet":"max-snippet:-1","max-image-preview":"max-image-preview:large","max-video-preview":"max-video-preview:-1"},"canonical":"https:\/\/umblogqualquer.com.br\/index.php\/media-kit\/","og_locale":"pt_BR","og_type":"article","og_title":"M\u00eddia Kit - Um Blog Qualquer","og_description":"O ve\u00edculo UBQ Criado em 2009, o UBQ \u00e9 um site voltado \u00e0 abordagem de temas relacionados \u00e0 cultura digital, publicando conte\u00fados relacionados a tecnologia,&hellip;","og_url":"https:\/\/umblogqualquer.com.br\/index.php\/media-kit\/","og_site_name":"Um Blog Qualquer","article_publisher":"http:\/\/www.facebook.com\/UmBlogQualquer","article_modified_time":"2026-04-21T23:30:03+00:00","og_image":[{"width":960,"height":320,"url":"https:\/\/umblogqualquer.com.br\/wp-content\/uploads\/2024\/10\/institucional-capa_pagina-midia-kit.png","type":"image\/png"}],"twitter_card":"summary_large_image","twitter_site":"@UmBlogQualquer","twitter_misc":{"Est. tempo de leitura":"3 minutos"},"schema":{"@context":"https:\/\/schema.org","@graph":[{"@type":"WebPage","@id":"https:\/\/umblogqualquer.com.br\/index.php\/media-kit\/","url":"https:\/\/umblogqualquer.com.br\/index.php\/media-kit\/","name":"M\u00eddia Kit - Um Blog Qualquer","isPartOf":{"@id":"https:\/\/umblogqualquer.com.br\/#website"},"primaryImageOfPage":{"@id":"https:\/\/umblogqualquer.com.br\/index.php\/media-kit\/#primaryimage"},"image":{"@id":"https:\/\/umblogqualquer.com.br\/index.php\/media-kit\/#primaryimage"},"thumbnailUrl":"https:\/\/umblogqualquer.com.br\/wp-content\/uploads\/2024\/10\/institucional-capa_pagina-midia-kit.png","datePublished":"2020-05-19T12:13:38+00:00","dateModified":"2026-04-21T23:30:03+00:00","breadcrumb":{"@id":"https:\/\/umblogqualquer.com.br\/index.php\/media-kit\/#breadcrumb"},"inLanguage":"pt-BR","potentialAction":[{"@type":"ReadAction","target":["https:\/\/umblogqualquer.com.br\/index.php\/media-kit\/"]}]},{"@type":"ImageObject","inLanguage":"pt-BR","@id":"https:\/\/umblogqualquer.com.br\/index.php\/media-kit\/#primaryimage","url":"https:\/\/umblogqualquer.com.br\/wp-content\/uploads\/2024\/10\/institucional-capa_pagina-midia-kit.png","contentUrl":"https:\/\/umblogqualquer.com.br\/wp-content\/uploads\/2024\/10\/institucional-capa_pagina-midia-kit.png","width":960,"height":320},{"@type":"BreadcrumbList","@id":"https:\/\/umblogqualquer.com.br\/index.php\/media-kit\/#breadcrumb","itemListElement":[{"@type":"ListItem","position":1,"name":"In\u00edcio","item":"https:\/\/umblogqualquer.com.br\/"},{"@type":"ListItem","position":2,"name":"M\u00eddia Kit"}]},{"@type":"WebSite","@id":"https:\/\/umblogqualquer.com.br\/#website","url":"https:\/\/umblogqualquer.com.br\/","name":"Um Blog Qualquer","description":"Opini\u00e3o, Informa\u00e7\u00e3o e Entretenimento","publisher":{"@id":"https:\/\/umblogqualquer.com.br\/#organization"},"potentialAction":[{"@type":"SearchAction","target":{"@type":"EntryPoint","urlTemplate":"https:\/\/umblogqualquer.com.br\/?s={search_term_string}"},"query-input":{"@type":"PropertyValueSpecification","valueRequired":true,"valueName":"search_term_string"}}],"inLanguage":"pt-BR"},{"@type":"Organization","@id":"https:\/\/umblogqualquer.com.br\/#organization","name":"Um Blog QUalquer","url":"https:\/\/umblogqualquer.com.br\/","logo":{"@type":"ImageObject","inLanguage":"pt-BR","@id":"https:\/\/umblogqualquer.com.br\/#\/schema\/logo\/image\/","url":"https:\/\/umblogqualquer.com.br\/wp-content\/uploads\/2022\/06\/perfil-id-um-blog-qualquer.png","contentUrl":"https:\/\/umblogqualquer.com.br\/wp-content\/uploads\/2022\/06\/perfil-id-um-blog-qualquer.png","width":1200,"height":1200,"caption":"Um Blog QUalquer"},"image":{"@id":"https:\/\/umblogqualquer.com.br\/#\/schema\/logo\/image\/"},"sameAs":["http:\/\/www.facebook.com\/UmBlogQualquer","https:\/\/x.com\/UmBlogQualquer","http:\/\/www.instagram.com\/1blogqualquer","http:\/\/www.youtube.com\/UmBlogQualquer"]}]}},"_links":{"self":[{"href":"https:\/\/umblogqualquer.com.br\/index.php\/wp-json\/wp\/v2\/pages\/2678","targetHints":{"allow":["GET"]}}],"collection":[{"href":"https:\/\/umblogqualquer.com.br\/index.php\/wp-json\/wp\/v2\/pages"}],"about":[{"href":"https:\/\/umblogqualquer.com.br\/index.php\/wp-json\/wp\/v2\/types\/page"}],"author":[{"embeddable":true,"href":"https:\/\/umblogqualquer.com.br\/index.php\/wp-json\/wp\/v2\/users\/2"}],"replies":[{"embeddable":true,"href":"https:\/\/umblogqualquer.com.br\/index.php\/wp-json\/wp\/v2\/comments?post=2678"}],"version-history":[{"count":34,"href":"https:\/\/umblogqualquer.com.br\/index.php\/wp-json\/wp\/v2\/pages\/2678\/revisions"}],"predecessor-version":[{"id":8730,"href":"https:\/\/umblogqualquer.com.br\/index.php\/wp-json\/wp\/v2\/pages\/2678\/revisions\/8730"}],"wp:attachment":[{"href":"https:\/\/umblogqualquer.com.br\/index.php\/wp-json\/wp\/v2\/media?parent=2678"}],"curies":[{"name":"wp","href":"https:\/\/api.w.org\/{rel}","templated":true}]}}